{"id":3084,"date":"2025-07-04T16:28:43","date_gmt":"2025-07-04T14:28:43","guid":{"rendered":"https:\/\/havo.ch\/actualites\/"},"modified":"2025-11-11T15:06:43","modified_gmt":"2025-11-11T14:06:43","slug":"actualites","status":"publish","type":"page","link":"https:\/\/havo.ch\/fr\/actualites\/","title":{"rendered":"Actualit\u00e9s"},"content":{"rendered":"\t\t<div data-elementor-type=\"wp-page\" data-elementor-id=\"3084\" class=\"elementor elementor-3084 elementor-698\" data-elementor-post-type=\"page\">\n\t\t\t\t<div class=\"elementor-element elementor-element-0d36dc2 e-flex e-con-boxed e-con e-parent\" data-id=\"0d36dc2\" data-element_type=\"container\" data-e-type=\"container\" data-settings=\"{&quot;background_background&quot;:&quot;classic&quot;}\">\n\t\t\t\t\t<div class=\"e-con-inner\">\n\t\t\t\t<div class=\"elementor-element elementor-element-08ff6e4 elementor-widget elementor-widget-heading\" data-id=\"08ff6e4\" data-element_type=\"widget\" data-e-type=\"widget\" data-widget_type=\"heading.default\">\n\t\t\t\t<div class=\"elementor-widget-container\">\n\t\t\t\t\t<h2 class=\"elementor-heading-title elementor-size-default\">Nouveaut\u00e9s du monde HAVO<\/h2>\t\t\t\t<\/div>\n\t\t\t\t<\/div>\n\t\t\t\t<div class=\"elementor-element elementor-element-5a5bfcb elementor-widget elementor-widget-text-editor\" data-id=\"5a5bfcb\" data-element_type=\"widget\" data-e-type=\"widget\" data-widget_type=\"text-editor.default\">\n\t\t\t\t<div class=\"elementor-widget-container\">\n\t\t\t\t\t\t\t\t\t<p>Qu'il s'agisse de projets passionnants, de nouveaux produits ou d'aper\u00e7us des coulisses, nous partageons ici ce qui nous motive. D\u00e9couvrez comment nous travaillons chaque jour avec passion et savoir-faire sur des solutions innovantes pour nos clients. <\/p>\t\t\t\t\t\t\t\t<\/div>\n\t\t\t\t<\/div>\n\t\t\t\t\t<\/div>\n\t\t\t\t<\/div>\n\t\t<div class=\"elementor-element elementor-element-b836b7d e-flex e-con-boxed e-con e-parent\" data-id=\"b836b7d\" data-element_type=\"container\" data-e-type=\"container\" data-settings=\"{&quot;background_background&quot;:&quot;classic&quot;}\">\n\t\t\t\t\t<div class=\"e-con-inner\">\n\t\t\t\t<div class=\"elementor-element elementor-element-9793609 elementor-grid-3 elementor-grid-tablet-2 elementor-grid-mobile-1 elementor-widget elementor-widget-loop-grid\" data-id=\"9793609\" data-element_type=\"widget\" data-e-type=\"widget\" data-settings=\"{&quot;template_id&quot;:3294,&quot;_skin&quot;:&quot;post&quot;,&quot;columns&quot;:&quot;3&quot;,&quot;columns_tablet&quot;:&quot;2&quot;,&quot;columns_mobile&quot;:&quot;1&quot;,&quot;edit_handle_selector&quot;:&quot;[data-elementor-type=\\&quot;loop-item\\&quot;]&quot;,&quot;row_gap&quot;:{&quot;unit&quot;:&quot;px&quot;,&quot;size&quot;:&quot;&quot;,&quot;sizes&quot;:[]},&quot;row_gap_laptop&quot;:{&quot;unit&quot;:&quot;px&quot;,&quot;size&quot;:&quot;&quot;,&quot;sizes&quot;:[]},&quot;row_gap_tablet&quot;:{&quot;unit&quot;:&quot;px&quot;,&quot;size&quot;:&quot;&quot;,&quot;sizes&quot;:[]},&quot;row_gap_mobile&quot;:{&quot;unit&quot;:&quot;px&quot;,&quot;size&quot;:&quot;&quot;,&quot;sizes&quot;:[]}}\" data-widget_type=\"loop-grid.post\">\n\t\t\t\t<div class=\"elementor-widget-container\">\n\t\t\t\t\t\t\t<div class=\"elementor-loop-container elementor-grid\" role=\"list\">\n\t\t<style id=\"loop-3294\">.elementor-3294 .elementor-element.elementor-element-2cb4047{--display:flex;--min-height:400px;--justify-content:space-between;--gap:0px 0px;--row-gap:0px;--column-gap:0px;--background-transition:0.3s;--padding-top:0px;--padding-bottom:0px;--padding-left:0px;--padding-right:0px;}.elementor-3294 .elementor-element.elementor-element-2cb4047:not(.elementor-motion-effects-element-type-background), .elementor-3294 .elementor-element.elementor-element-2cb4047 > .elementor-motion-effects-container > .elementor-motion-effects-layer{background-color:var( --e-global-color-secondary );}.elementor-3294 .elementor-element.elementor-element-2cb4047:hover{background-color:var( --e-global-color-57f2ff5 );}.elementor-3294 .elementor-element.elementor-element-2cb4047.e-con{--flex-grow:1;--flex-shrink:0;}.elementor-3294 .elementor-element.elementor-element-2cb4047.e-con:hover{--e-con-transform-scale:1.05;}.elementor-3294 .elementor-element.elementor-element-52b6ed8{--display:flex;--flex-direction:column;--container-widget-width:100%;--container-widget-height:initial;--container-widget-flex-grow:0;--container-widget-align-self:initial;--flex-wrap-mobile:wrap;--justify-content:flex-start;--gap:0px 0px;--row-gap:0px;--column-gap:0px;}.elementor-3294 .elementor-element.elementor-element-ecc99d2 .elementor-icon-list-items:not(.elementor-inline-items) .elementor-icon-list-item:not(:last-child){padding-block-end:calc(0px\/2);}.elementor-3294 .elementor-element.elementor-element-ecc99d2 .elementor-icon-list-items:not(.elementor-inline-items) .elementor-icon-list-item:not(:first-child){margin-block-start:calc(0px\/2);}.elementor-3294 .elementor-element.elementor-element-ecc99d2 .elementor-icon-list-items.elementor-inline-items .elementor-icon-list-item{margin-inline:calc(0px\/2);}.elementor-3294 .elementor-element.elementor-element-ecc99d2 .elementor-icon-list-items.elementor-inline-items{margin-inline:calc(-0px\/2);}.elementor-3294 .elementor-element.elementor-element-ecc99d2 .elementor-icon-list-items.elementor-inline-items .elementor-icon-list-item:after{inset-inline-end:calc(-0px\/2);}.elementor-3294 .elementor-element.elementor-element-ecc99d2 .elementor-icon-list-icon i{color:var( --e-global-color-primary );transition:color 0.3s;}.elementor-3294 .elementor-element.elementor-element-ecc99d2 .elementor-icon-list-icon svg{fill:var( --e-global-color-primary );transition:fill 0.3s;}.elementor-3294 .elementor-element.elementor-element-ecc99d2 .elementor-icon-list-item:hover .elementor-icon-list-icon i{color:var( --e-global-color-primary );}.elementor-3294 .elementor-element.elementor-element-ecc99d2 .elementor-icon-list-item:hover .elementor-icon-list-icon svg{fill:var( --e-global-color-primary );}.elementor-3294 .elementor-element.elementor-element-ecc99d2{--e-icon-list-icon-size:24px;--e-icon-list-icon-align:left;--e-icon-list-icon-margin:0 calc(var(--e-icon-list-icon-size, 1em) * 0.25) 0 0;--icon-vertical-align:flex-start;--icon-vertical-offset:0px;}.elementor-3294 .elementor-element.elementor-element-ecc99d2 .elementor-icon-list-icon{padding-inline-end:0px;}.elementor-3294 .elementor-element.elementor-element-ecc99d2 .elementor-icon-list-item > .elementor-icon-list-text, .elementor-3294 .elementor-element.elementor-element-ecc99d2 .elementor-icon-list-item > a{font-family:\"Open Sans\", Sans-serif;font-size:16px;font-weight:400;text-transform:uppercase;font-style:normal;text-decoration:none;line-height:1.6em;}.elementor-3294 .elementor-element.elementor-element-ecc99d2 .elementor-icon-list-text{color:var( --e-global-color-text );transition:color 0.3s;}.elementor-3294 .elementor-element.elementor-element-ecc99d2 > .elementor-widget-container{padding:24px 24px 24px 24px;}.elementor-3294 .elementor-element.elementor-element-215f1f3 img{width:100%;height:275px;object-fit:cover;object-position:bottom center;}.elementor-3294 .elementor-element.elementor-element-e3b18a5{columns:1;text-align:start;font-family:var( --e-global-typography-accent-font-family ), Sans-serif;font-size:var( --e-global-typography-accent-font-size );font-weight:var( --e-global-typography-accent-font-weight );text-transform:var( --e-global-typography-accent-text-transform );font-style:var( --e-global-typography-accent-font-style );text-decoration:var( --e-global-typography-accent-text-decoration );line-height:var( --e-global-typography-accent-line-height );color:var( --e-global-color-text );}.elementor-3294 .elementor-element.elementor-element-e3b18a5 a{color:var( --e-global-color-text );}.elementor-3294 .elementor-element.elementor-element-e3b18a5 > .elementor-widget-container{padding:24px 24px 24px 24px;}.elementor-3294 .elementor-element.elementor-element-c821501{--display:flex;--justify-content:flex-end;--gap:0px 0px;--row-gap:0px;--column-gap:0px;--padding-top:0px;--padding-bottom:0px;--padding-left:0px;--padding-right:0px;}.elementor-3294 .elementor-element.elementor-element-da8803e .elementor-icon-box-wrapper{align-items:center;text-align:end;gap:0px;}.elementor-3294 .elementor-element.elementor-element-da8803e .elementor-icon-box-title{margin-block-end:0px;}.elementor-3294 .elementor-element.elementor-element-da8803e.elementor-view-stacked .elementor-icon{background-color:var( --e-global-color-accent );}.elementor-3294 .elementor-element.elementor-element-da8803e.elementor-view-framed .elementor-icon, .elementor-3294 .elementor-element.elementor-element-da8803e.elementor-view-default .elementor-icon{fill:var( --e-global-color-accent );color:var( --e-global-color-accent );border-color:var( --e-global-color-accent );}.elementor-3294 .elementor-element.elementor-element-da8803e .elementor-icon{font-size:24px;}.elementor-3294 .elementor-element.elementor-element-da8803e > .elementor-widget-container{margin:0px 0px 0px 0px;padding:24px 24px 24px 48px;background-color:var( --e-global-color-primary );}.elementor-3294 .elementor-element.elementor-element-da8803e{width:auto;max-width:auto;}.elementor-3294 .elementor-element.elementor-element-da8803e.elementor-element{--align-self:flex-end;--order:99999 \/* order end hack *\/;}.elementor-3294 .elementor-element.elementor-element-da8803e:hover .elementor-widget-container{background-color:var( --e-global-color-d7051f2 );}@media(max-width:1366px){.elementor-3294 .elementor-element.elementor-element-2cb4047{--gap:0px 0px;--row-gap:0px;--column-gap:0px;}.elementor-3294 .elementor-element.elementor-element-52b6ed8{--gap:0px 0px;--row-gap:0px;--column-gap:0px;}.elementor-3294 .elementor-element.elementor-element-e3b18a5{font-size:var( --e-global-typography-accent-font-size );line-height:var( --e-global-typography-accent-line-height );}.elementor-3294 .elementor-element.elementor-element-c821501{--gap:0px 0px;--row-gap:0px;--column-gap:0px;}}@media(max-width:1024px){.elementor-3294 .elementor-element.elementor-element-e3b18a5{font-size:var( --e-global-typography-accent-font-size );line-height:var( --e-global-typography-accent-line-height );}}@media(max-width:767px){.elementor-3294 .elementor-element.elementor-element-e3b18a5{font-size:var( --e-global-typography-accent-font-size );line-height:var( --e-global-typography-accent-line-height );}}@media(max-width:1366px) and (min-width:768px){.elementor-3294 .elementor-element.elementor-element-2cb4047{--width:100%;}}<\/style>\t\t<div data-elementor-type=\"loop-item\" data-elementor-id=\"3294\" class=\"elementor elementor-3294 elementor-634 elementor-634 e-loop-item e-loop-item-3100 post-3100 page type-page status-publish has-post-thumbnail hentry\" data-elementor-post-type=\"elementor_library\" data-custom-edit-handle=\"1\">\n\t\t\t<a class=\"elementor-element elementor-element-2cb4047 e-con-full e-transform e-flex e-con e-child\" data-id=\"2cb4047\" data-element_type=\"container\" data-e-type=\"container\" data-settings=\"{&quot;background_background&quot;:&quot;classic&quot;,&quot;_transform_scale_effect_hover&quot;:{&quot;unit&quot;:&quot;px&quot;,&quot;size&quot;:1.0500000000000000444089209850062616169452667236328125,&quot;sizes&quot;:[]},&quot;_transform_scale_effect_hover_laptop&quot;:{&quot;unit&quot;:&quot;px&quot;,&quot;size&quot;:&quot;&quot;,&quot;sizes&quot;:[]},&quot;_transform_scale_effect_hover_tablet&quot;:{&quot;unit&quot;:&quot;px&quot;,&quot;size&quot;:&quot;&quot;,&quot;sizes&quot;:[]},&quot;_transform_scale_effect_hover_mobile&quot;:{&quot;unit&quot;:&quot;px&quot;,&quot;size&quot;:&quot;&quot;,&quot;sizes&quot;:[]}}\" href=\"https:\/\/havo.ch\/fr\/a-propos-de-nous\/actualites-2\/\">\n\t\t<div class=\"elementor-element elementor-element-52b6ed8 e-con-full e-flex e-con e-child\" data-id=\"52b6ed8\" data-element_type=\"container\" data-e-type=\"container\">\n\t\t\t\t<div class=\"elementor-element elementor-element-ecc99d2 elementor-icon-list--layout-traditional elementor-list-item-link-full_width elementor-widget elementor-widget-icon-list\" data-id=\"ecc99d2\" data-element_type=\"widget\" data-e-type=\"widget\" data-widget_type=\"icon-list.default\">\n\t\t\t\t<div class=\"elementor-widget-container\">\n\t\t\t\t\t\t\t<ul class=\"elementor-icon-list-items\">\n\t\t\t\t\t\t\t<li class=\"elementor-icon-list-item\">\n\t\t\t\t\t\t\t\t\t\t\t<span class=\"elementor-icon-list-icon\">\n\t\t\t\t\t\t\t<svg xmlns=\"http:\/\/www.w3.org\/2000\/svg\" width=\"16\" height=\"16\" fill=\"currentColor\" class=\"bi bi-slash\" viewBox=\"0 0 16 16\"><path d=\"M11.354 4.646a.5.5 0 0 1 0 .708l-6 6a.5.5 0 0 1-.708-.708l6-6a.5.5 0 0 1 .708 0\"><\/path><\/svg>\t\t\t\t\t\t<\/span>\n\t\t\t\t\t\t\t\t\t\t<span class=\"elementor-icon-list-text\"><\/span>\n\t\t\t\t\t\t\t\t\t<\/li>\n\t\t\t\t\t\t<\/ul>\n\t\t\t\t\t\t<\/div>\n\t\t\t\t<\/div>\n\t\t\t\t<div class=\"elementor-element elementor-element-215f1f3 elementor-widget elementor-widget-theme-post-featured-image elementor-widget-image\" data-id=\"215f1f3\" data-element_type=\"widget\" data-e-type=\"widget\" data-widget_type=\"theme-post-featured-image.default\">\n\t\t\t\t<div class=\"elementor-widget-container\">\n\t\t\t\t\t\t\t\t\t\t\t\t\t\t\t<img fetchpriority=\"high\" decoding=\"async\" width=\"800\" height=\"338\" src=\"https:\/\/havo.ch\/wp-content\/uploads\/2025\/10\/News-HAVO-Group-1024x433.jpg\" class=\"attachment-large size-large wp-image-3101\" alt=\"\" srcset=\"https:\/\/havo.ch\/wp-content\/uploads\/2025\/10\/News-HAVO-Group-1024x433.jpg 1024w, https:\/\/havo.ch\/wp-content\/uploads\/2025\/10\/News-HAVO-Group-300x127.jpg 300w, https:\/\/havo.ch\/wp-content\/uploads\/2025\/10\/News-HAVO-Group-768x325.jpg 768w, https:\/\/havo.ch\/wp-content\/uploads\/2025\/10\/News-HAVO-Group.jpg 1200w\" sizes=\"(max-width: 800px) 100vw, 800px\" \/>\t\t\t\t\t\t\t\t\t\t\t\t\t\t\t<\/div>\n\t\t\t\t<\/div>\n\t\t\t\t<div class=\"elementor-element elementor-element-e3b18a5 elementor-widget elementor-widget-text-editor\" data-id=\"e3b18a5\" data-element_type=\"widget\" data-e-type=\"widget\" data-widget_type=\"text-editor.default\">\n\t\t\t\t<div class=\"elementor-widget-container\">\n\t\t\t\t\t\t\t\t\tActualit\u00e9s\t\t\t\t\t\t\t\t<\/div>\n\t\t\t\t<\/div>\n\t\t\t\t<\/div>\n\t\t<div class=\"elementor-element elementor-element-c821501 e-con-full e-flex e-con e-child\" data-id=\"c821501\" data-element_type=\"container\" data-e-type=\"container\">\n\t\t\t\t<div class=\"elementor-element elementor-element-da8803e elementor-position-inline-end elementor-widget__width-auto elementor-view-default elementor-mobile-position-block-start elementor-widget elementor-widget-icon-box\" data-id=\"da8803e\" data-element_type=\"widget\" data-e-type=\"widget\" data-widget_type=\"icon-box.default\">\n\t\t\t\t<div class=\"elementor-widget-container\">\n\t\t\t\t\t\t\t<div class=\"elementor-icon-box-wrapper\">\n\n\t\t\t\t\t\t<div class=\"elementor-icon-box-icon\">\n\t\t\t\t<span  class=\"elementor-icon\">\n\t\t\t\t<svg xmlns=\"http:\/\/www.w3.org\/2000\/svg\" width=\"16\" height=\"16\" fill=\"currentColor\" class=\"bi bi-arrow-right\" viewBox=\"0 0 16 16\"><path fill-rule=\"evenodd\" d=\"M1 8a.5.5 0 0 1 .5-.5h11.793l-3.147-3.146a.5.5 0 0 1 .708-.708l4 4a.5.5 0 0 1 0 .708l-4 4a.5.5 0 0 1-.708-.708L13.293 8.5H1.5A.5.5 0 0 1 1 8\"><\/path><\/svg>\t\t\t\t<\/span>\n\t\t\t<\/div>\n\t\t\t\n\t\t\t\n\t\t<\/div>\n\t\t\t\t\t\t<\/div>\n\t\t\t\t<\/div>\n\t\t\t\t<\/div>\n\t\t\t\t<\/a>\n\t\t\t\t<\/div>\n\t\t\t\t<\/div>\n\t\t\n\t\t\t\t\t\t<\/div>\n\t\t\t\t<\/div>\n\t\t\t\t\t<\/div>\n\t\t\t\t<\/div>\n\t\t\t\t<\/div>\n\t\t","protected":false},"excerpt":{"rendered":"<p>Qu'il s'agisse de projets passionnants, de nouveaux produits ou d'aper\u00e7us des coulisses, nous partageons ici ce qui nous motive. D\u00e9couvrez comment nous travaillons chaque jour avec passion et savoir-faire sur des solutions innovantes pour nos clients. <\/p>\n","protected":false},"author":1,"featured_media":3085,"parent":0,"menu_order":500,"comment_status":"closed","ping_status":"closed","template":"","meta":{"_acf_changed":false,"footnotes":""},"class_list":["post-3084","page","type-page","status-publish","has-post-thumbnail","hentry"],"acf":[],"yoast_head":"<!-- This site is optimized with the Yoast SEO plugin v27.3 - https:\/\/yoast.com\/product\/yoast-seo-wordpress\/ -->\n<title>Actualit\u00e9s &#8211; HAVO Group AG<\/title>\n<meta name=\"description\" content=\"Qu&#039;il s&#039;agisse de projets passionnants, de nouveaux produits ou d&#039;aper\u00e7us des coulisses, nous partageons ici ce qui nous motive.\" \/>\n<meta name=\"robots\" content=\"index, follow, max-snippet:-1, max-image-preview:large, max-video-preview:-1\" \/>\n<link rel=\"canonical\" href=\"https:\/\/havo.ch\/fr\/actualites\/\" \/>\n<meta property=\"og:locale\" content=\"fr_FR\" \/>\n<meta property=\"og:type\" content=\"article\" \/>\n<meta property=\"og:title\" content=\"Actualit\u00e9s &#8211; HAVO Group AG\" \/>\n<meta property=\"og:description\" content=\"Qu&#039;il s&#039;agisse de projets passionnants, de nouveaux produits ou d&#039;aper\u00e7us des coulisses, nous partageons ici ce qui nous motive.\" \/>\n<meta property=\"og:url\" content=\"https:\/\/havo.ch\/fr\/actualites\/\" \/>\n<meta property=\"og:site_name\" content=\"HAVO Group AG\" \/>\n<meta property=\"article:publisher\" content=\"https:\/\/www.facebook.com\/havogroupag\" \/>\n<meta property=\"article:modified_time\" content=\"2025-11-11T14:06:43+00:00\" \/>\n<meta property=\"og:image\" content=\"https:\/\/havo.ch\/wp-content\/uploads\/2025\/07\/montagen-inbetriebnahmen-demontagen.png\" \/>\n\t<meta property=\"og:image:width\" content=\"800\" \/>\n\t<meta property=\"og:image:height\" content=\"450\" \/>\n\t<meta property=\"og:image:type\" content=\"image\/png\" \/>\n<meta name=\"twitter:card\" content=\"summary_large_image\" \/>\n<script type=\"application\/ld+json\" class=\"yoast-schema-graph\">{\"@context\":\"https:\\\/\\\/schema.org\",\"@graph\":[{\"@type\":\"WebPage\",\"@id\":\"https:\\\/\\\/havo.ch\\\/fr\\\/actualites\\\/\",\"url\":\"https:\\\/\\\/havo.ch\\\/fr\\\/actualites\\\/\",\"name\":\"Actualit\u00e9s &#8211; HAVO Group AG\",\"isPartOf\":{\"@id\":\"https:\\\/\\\/havo.ch\\\/fr\\\/#website\"},\"primaryImageOfPage\":{\"@id\":\"https:\\\/\\\/havo.ch\\\/fr\\\/actualites\\\/#primaryimage\"},\"image\":{\"@id\":\"https:\\\/\\\/havo.ch\\\/fr\\\/actualites\\\/#primaryimage\"},\"thumbnailUrl\":\"https:\\\/\\\/havo.ch\\\/wp-content\\\/uploads\\\/2025\\\/07\\\/montagen-inbetriebnahmen-demontagen.png\",\"datePublished\":\"2025-07-04T14:28:43+00:00\",\"dateModified\":\"2025-11-11T14:06:43+00:00\",\"description\":\"Qu'il s'agisse de projets passionnants, de nouveaux produits ou d'aper\u00e7us des coulisses, nous partageons ici ce qui nous motive.\",\"breadcrumb\":{\"@id\":\"https:\\\/\\\/havo.ch\\\/fr\\\/actualites\\\/#breadcrumb\"},\"inLanguage\":\"fr-FR\",\"potentialAction\":[{\"@type\":\"ReadAction\",\"target\":[\"https:\\\/\\\/havo.ch\\\/fr\\\/actualites\\\/\"]}]},{\"@type\":\"ImageObject\",\"inLanguage\":\"fr-FR\",\"@id\":\"https:\\\/\\\/havo.ch\\\/fr\\\/actualites\\\/#primaryimage\",\"url\":\"https:\\\/\\\/havo.ch\\\/wp-content\\\/uploads\\\/2025\\\/07\\\/montagen-inbetriebnahmen-demontagen.png\",\"contentUrl\":\"https:\\\/\\\/havo.ch\\\/wp-content\\\/uploads\\\/2025\\\/07\\\/montagen-inbetriebnahmen-demontagen.png\",\"width\":800,\"height\":450},{\"@type\":\"BreadcrumbList\",\"@id\":\"https:\\\/\\\/havo.ch\\\/fr\\\/actualites\\\/#breadcrumb\",\"itemListElement\":[{\"@type\":\"ListItem\",\"position\":1,\"name\":\"Startseite\",\"item\":\"https:\\\/\\\/havo.ch\\\/fr\\\/\"},{\"@type\":\"ListItem\",\"position\":2,\"name\":\"Actualit\u00e9s\"}]},{\"@type\":\"WebSite\",\"@id\":\"https:\\\/\\\/havo.ch\\\/fr\\\/#website\",\"url\":\"https:\\\/\\\/havo.ch\\\/fr\\\/\",\"name\":\"HAVO Group AG\",\"description\":\"Solutions de r\u00e9frig\u00e9ration pr\u00eates \u00e0 brancher pour l'univers de la fra\u00eecheur suisse.\",\"publisher\":{\"@id\":\"https:\\\/\\\/havo.ch\\\/fr\\\/#organization\"},\"alternateName\":\"HAVO Group AG\",\"potentialAction\":[{\"@type\":\"SearchAction\",\"target\":{\"@type\":\"EntryPoint\",\"urlTemplate\":\"https:\\\/\\\/havo.ch\\\/fr\\\/?s={search_term_string}\"},\"query-input\":{\"@type\":\"PropertyValueSpecification\",\"valueRequired\":true,\"valueName\":\"search_term_string\"}}],\"inLanguage\":\"fr-FR\"},{\"@type\":\"Organization\",\"@id\":\"https:\\\/\\\/havo.ch\\\/fr\\\/#organization\",\"name\":\"HAVO Group AG\",\"alternateName\":\"HAVO Group AG\",\"url\":\"https:\\\/\\\/havo.ch\\\/fr\\\/\",\"logo\":{\"@type\":\"ImageObject\",\"inLanguage\":\"fr-FR\",\"@id\":\"https:\\\/\\\/havo.ch\\\/fr\\\/#\\\/schema\\\/logo\\\/image\\\/\",\"url\":\"https:\\\/\\\/havo.ch\\\/wp-content\\\/uploads\\\/2025\\\/10\\\/HAVO-Group-AG-Logo-farbig.svg\",\"contentUrl\":\"https:\\\/\\\/havo.ch\\\/wp-content\\\/uploads\\\/2025\\\/10\\\/HAVO-Group-AG-Logo-farbig.svg\",\"width\":793,\"height\":122,\"caption\":\"HAVO Group AG\"},\"image\":{\"@id\":\"https:\\\/\\\/havo.ch\\\/fr\\\/#\\\/schema\\\/logo\\\/image\\\/\"},\"sameAs\":[\"https:\\\/\\\/www.facebook.com\\\/havogroupag\",\"https:\\\/\\\/www.instagram.com\\\/havogroupag\\\/\",\"https:\\\/\\\/www.linkedin.com\\\/company\\\/havo-group-ag\\\/\",\"https:\\\/\\\/www.youtube.com\\\/@havogroupag6623\",\"https:\\\/\\\/www.tiktok.com\\\/@havogroupag\"]}]}<\/script>\n<!-- \/ Yoast SEO plugin. -->","yoast_head_json":{"title":"Actualit\u00e9s &#8211; HAVO Group AG","description":"Qu'il s'agisse de projets passionnants, de nouveaux produits ou d'aper\u00e7us des coulisses, nous partageons ici ce qui nous motive.","robots":{"index":"index","follow":"follow","max-snippet":"max-snippet:-1","max-image-preview":"max-image-preview:large","max-video-preview":"max-video-preview:-1"},"canonical":"https:\/\/havo.ch\/fr\/actualites\/","og_locale":"fr_FR","og_type":"article","og_title":"Actualit\u00e9s &#8211; HAVO Group AG","og_description":"Qu'il s'agisse de projets passionnants, de nouveaux produits ou d'aper\u00e7us des coulisses, nous partageons ici ce qui nous motive.","og_url":"https:\/\/havo.ch\/fr\/actualites\/","og_site_name":"HAVO Group AG","article_publisher":"https:\/\/www.facebook.com\/havogroupag","article_modified_time":"2025-11-11T14:06:43+00:00","og_image":[{"width":800,"height":450,"url":"https:\/\/havo.ch\/wp-content\/uploads\/2025\/07\/montagen-inbetriebnahmen-demontagen.png","type":"image\/png"}],"twitter_card":"summary_large_image","schema":{"@context":"https:\/\/schema.org","@graph":[{"@type":"WebPage","@id":"https:\/\/havo.ch\/fr\/actualites\/","url":"https:\/\/havo.ch\/fr\/actualites\/","name":"Actualit\u00e9s &#8211; HAVO Group AG","isPartOf":{"@id":"https:\/\/havo.ch\/fr\/#website"},"primaryImageOfPage":{"@id":"https:\/\/havo.ch\/fr\/actualites\/#primaryimage"},"image":{"@id":"https:\/\/havo.ch\/fr\/actualites\/#primaryimage"},"thumbnailUrl":"https:\/\/havo.ch\/wp-content\/uploads\/2025\/07\/montagen-inbetriebnahmen-demontagen.png","datePublished":"2025-07-04T14:28:43+00:00","dateModified":"2025-11-11T14:06:43+00:00","description":"Qu'il s'agisse de projets passionnants, de nouveaux produits ou d'aper\u00e7us des coulisses, nous partageons ici ce qui nous motive.","breadcrumb":{"@id":"https:\/\/havo.ch\/fr\/actualites\/#breadcrumb"},"inLanguage":"fr-FR","potentialAction":[{"@type":"ReadAction","target":["https:\/\/havo.ch\/fr\/actualites\/"]}]},{"@type":"ImageObject","inLanguage":"fr-FR","@id":"https:\/\/havo.ch\/fr\/actualites\/#primaryimage","url":"https:\/\/havo.ch\/wp-content\/uploads\/2025\/07\/montagen-inbetriebnahmen-demontagen.png","contentUrl":"https:\/\/havo.ch\/wp-content\/uploads\/2025\/07\/montagen-inbetriebnahmen-demontagen.png","width":800,"height":450},{"@type":"BreadcrumbList","@id":"https:\/\/havo.ch\/fr\/actualites\/#breadcrumb","itemListElement":[{"@type":"ListItem","position":1,"name":"Startseite","item":"https:\/\/havo.ch\/fr\/"},{"@type":"ListItem","position":2,"name":"Actualit\u00e9s"}]},{"@type":"WebSite","@id":"https:\/\/havo.ch\/fr\/#website","url":"https:\/\/havo.ch\/fr\/","name":"HAVO Group AG","description":"Solutions de r\u00e9frig\u00e9ration pr\u00eates \u00e0 brancher pour l'univers de la fra\u00eecheur suisse.","publisher":{"@id":"https:\/\/havo.ch\/fr\/#organization"},"alternateName":"HAVO Group AG","potentialAction":[{"@type":"SearchAction","target":{"@type":"EntryPoint","urlTemplate":"https:\/\/havo.ch\/fr\/?s={search_term_string}"},"query-input":{"@type":"PropertyValueSpecification","valueRequired":true,"valueName":"search_term_string"}}],"inLanguage":"fr-FR"},{"@type":"Organization","@id":"https:\/\/havo.ch\/fr\/#organization","name":"HAVO Group AG","alternateName":"HAVO Group AG","url":"https:\/\/havo.ch\/fr\/","logo":{"@type":"ImageObject","inLanguage":"fr-FR","@id":"https:\/\/havo.ch\/fr\/#\/schema\/logo\/image\/","url":"https:\/\/havo.ch\/wp-content\/uploads\/2025\/10\/HAVO-Group-AG-Logo-farbig.svg","contentUrl":"https:\/\/havo.ch\/wp-content\/uploads\/2025\/10\/HAVO-Group-AG-Logo-farbig.svg","width":793,"height":122,"caption":"HAVO Group AG"},"image":{"@id":"https:\/\/havo.ch\/fr\/#\/schema\/logo\/image\/"},"sameAs":["https:\/\/www.facebook.com\/havogroupag","https:\/\/www.instagram.com\/havogroupag\/","https:\/\/www.linkedin.com\/company\/havo-group-ag\/","https:\/\/www.youtube.com\/@havogroupag6623","https:\/\/www.tiktok.com\/@havogroupag"]}]}},"publishpress_future_action":{"enabled":false,"date":"2026-05-08 01:18:34","action":"change-status","newStatus":"draft","terms":[],"taxonomy":"translation_priority","extraData":[]},"publishpress_future_workflow_manual_trigger":{"enabledWorkflows":[]},"_links":{"self":[{"href":"https:\/\/havo.ch\/fr\/wp-json\/wp\/v2\/pages\/3084","targetHints":{"allow":["GET"]}}],"collection":[{"href":"https:\/\/havo.ch\/fr\/wp-json\/wp\/v2\/pages"}],"about":[{"href":"https:\/\/havo.ch\/fr\/wp-json\/wp\/v2\/types\/page"}],"author":[{"embeddable":true,"href":"https:\/\/havo.ch\/fr\/wp-json\/wp\/v2\/users\/1"}],"replies":[{"embeddable":true,"href":"https:\/\/havo.ch\/fr\/wp-json\/wp\/v2\/comments?post=3084"}],"version-history":[{"count":1,"href":"https:\/\/havo.ch\/fr\/wp-json\/wp\/v2\/pages\/3084\/revisions"}],"predecessor-version":[{"id":3950,"href":"https:\/\/havo.ch\/fr\/wp-json\/wp\/v2\/pages\/3084\/revisions\/3950"}],"wp:featuredmedia":[{"embeddable":true,"href":"https:\/\/havo.ch\/fr\/wp-json\/wp\/v2\/media\/3085"}],"wp:attachment":[{"href":"https:\/\/havo.ch\/fr\/wp-json\/wp\/v2\/media?parent=3084"}],"curies":[{"name":"wp","href":"https:\/\/api.w.org\/{rel}","templated":true}]}}