{"id":3086,"date":"2025-07-04T13:40:38","date_gmt":"2025-07-04T11:40:38","guid":{"rendered":"https:\/\/havo.ch\/clients\/"},"modified":"2025-11-11T16:11:25","modified_gmt":"2025-11-11T15:11:25","slug":"clients","status":"publish","type":"page","link":"https:\/\/havo.ch\/fr\/a-propos-de-nous\/clients\/","title":{"rendered":"Clients"},"content":{"rendered":"\t\t<div data-elementor-type=\"wp-page\" data-elementor-id=\"3086\" class=\"elementor elementor-3086 elementor-573\" data-elementor-post-type=\"page\">\n\t\t\t\t<div class=\"elementor-element elementor-element-0d36dc2 e-flex e-con-boxed e-con e-parent\" data-id=\"0d36dc2\" data-element_type=\"container\" data-e-type=\"container\" data-settings=\"{&quot;background_background&quot;:&quot;classic&quot;}\">\n\t\t\t\t\t<div class=\"e-con-inner\">\n\t\t\t\t<div class=\"elementor-element elementor-element-08ff6e4 elementor-widget__width-inherit elementor-widget elementor-widget-heading\" data-id=\"08ff6e4\" data-element_type=\"widget\" data-e-type=\"widget\" data-widget_type=\"heading.default\">\n\t\t\t\t<div class=\"elementor-widget-container\">\n\t\t\t\t\t<h2 class=\"elementor-heading-title elementor-size-default\">Gr\u00e2ce \u00e0 eux, nous brillons<\/h2>\t\t\t\t<\/div>\n\t\t\t\t<\/div>\n\t\t\t\t<div class=\"elementor-element elementor-element-6ee85e6 elementor-widget elementor-widget-text-editor\" data-id=\"6ee85e6\" data-element_type=\"widget\" data-e-type=\"widget\" data-widget_type=\"text-editor.default\">\n\t\t\t\t<div class=\"elementor-widget-container\">\n\t\t\t\t\t\t\t\t\t<p>Nous sommes fiers de compter un grand nombre d'entreprises de renom parmi nos clients estim\u00e9s. Gr\u00e2ce \u00e0 une collaboration de longue date, une relation de partenariat s'est d\u00e9velopp\u00e9e, que nous souhaitons continuer \u00e0 d\u00e9velopper et \u00e0 \u00e9tendre \u00e0 l'avenir. <\/p><p>Nous vous communiquerons volontiers nos r\u00e9f\u00e9rences sur demande.<\/p>\t\t\t\t\t\t\t\t<\/div>\n\t\t\t\t<\/div>\n\t\t\t\t\t<\/div>\n\t\t\t\t<\/div>\n\t\t<div class=\"elementor-element elementor-element-1088eef e-con-full e-flex e-con e-parent\" data-id=\"1088eef\" data-element_type=\"container\" data-e-type=\"container\">\n\t\t\t\t<div class=\"elementor-element elementor-element-537ebe9 elementor-widget elementor-widget-shortcode\" data-id=\"537ebe9\" data-element_type=\"widget\" data-e-type=\"widget\" data-widget_type=\"shortcode.default\">\n\t\t\t\t<div class=\"elementor-widget-container\">\n\t\t\t\t\t\t\t<div class=\"elementor-shortcode\">\t\t<div data-elementor-type=\"section\" data-elementor-id=\"3276\" class=\"elementor elementor-3276 elementor-350 elementor-350\" data-elementor-post-type=\"elementor_library\">\n\t\t\t<div class=\"elementor-element elementor-element-58e0a69 e-flex e-con-boxed e-con e-parent\" data-id=\"58e0a69\" data-element_type=\"container\" data-e-type=\"container\" data-settings=\"{&quot;background_background&quot;:&quot;classic&quot;}\">\n\t\t\t\t\t<div class=\"e-con-inner\">\n\t\t\t\t<div class=\"elementor-element elementor-element-3ebc4c0 elementor-widget elementor-widget-menu-anchor\" data-id=\"3ebc4c0\" data-element_type=\"widget\" data-e-type=\"widget\" data-widget_type=\"menu-anchor.default\">\n\t\t\t\t<div class=\"elementor-widget-container\">\n\t\t\t\t\t\t\t<div class=\"elementor-menu-anchor\" id=\"contact\"><\/div>\n\t\t\t\t\t\t<\/div>\n\t\t\t\t<\/div>\n\t\t\t\t\t<\/div>\n\t\t\t\t<\/div>\n\t\t<div class=\"elementor-element elementor-element-5537522 e-flex e-con-boxed e-con e-parent\" data-id=\"5537522\" data-element_type=\"container\" data-e-type=\"container\" data-settings=\"{&quot;background_background&quot;:&quot;classic&quot;}\">\n\t\t\t\t\t<div class=\"e-con-inner\">\n\t\t\t\t\t<\/div>\n\t\t\t\t<\/div>\n\t\t<div class=\"elementor-element elementor-element-1222a6a e-con-full e-flex e-con e-parent\" data-id=\"1222a6a\" data-element_type=\"container\" data-e-type=\"container\" data-settings=\"{&quot;background_background&quot;:&quot;classic&quot;}\">\n\t\t<section class=\"elementor-element elementor-element-91e0cd2 e-con-full e-flex e-con e-child\" data-id=\"91e0cd2\" data-element_type=\"container\" data-e-type=\"container\">\n\t\t\t\t<\/section>\n\t\t<div class=\"elementor-element elementor-element-aaf6dc5 e-con-full e-flex e-con e-child\" data-id=\"aaf6dc5\" data-element_type=\"container\" data-e-type=\"container\">\n\t\t<div class=\"elementor-element elementor-element-04e2687 e-con-full e-flex e-con e-child\" data-id=\"04e2687\" data-element_type=\"container\" data-e-type=\"container\" data-settings=\"{&quot;background_background&quot;:&quot;classic&quot;}\">\n\t\t<div class=\"elementor-element elementor-element-3938b52 e-con-full e-flex e-con e-child\" data-id=\"3938b52\" data-element_type=\"container\" data-e-type=\"container\" data-settings=\"{&quot;background_background&quot;:&quot;classic&quot;}\">\n\t\t\t\t<div class=\"elementor-element elementor-element-b42c4b1 elementor-widget elementor-widget-heading\" data-id=\"b42c4b1\" data-element_type=\"widget\" data-e-type=\"widget\" data-widget_type=\"heading.default\">\n\t\t\t\t<div class=\"elementor-widget-container\">\n\t\t\t\t\t<h2 class=\"elementor-heading-title elementor-size-default\">Avons-nous suscit\u00e9 votre int\u00e9r\u00eat&nbsp;?<\/h2>\t\t\t\t<\/div>\n\t\t\t\t<\/div>\n\t\t\t\t<div class=\"elementor-element elementor-element-79f649e elementor-widget elementor-widget-text-editor\" data-id=\"79f649e\" data-element_type=\"widget\" data-e-type=\"widget\" data-widget_type=\"text-editor.default\">\n\t\t\t\t<div class=\"elementor-widget-container\">\n\t\t\t\t\t\t\t\t\t<p>Laissez-nous vos coordonn\u00e9es et nous serons ravis de mettre en \u0153uvre votre vision avec vous.<\/p>\t\t\t\t\t\t\t\t<\/div>\n\t\t\t\t<\/div>\n\t\t\t\t<div class=\"elementor-element elementor-element-9233d6b elementor-button-align-start elementor-widget elementor-widget-form\" data-id=\"9233d6b\" data-element_type=\"widget\" data-e-type=\"widget\" data-settings=\"{&quot;step_next_label&quot;:&quot;Suivant&quot;,&quot;step_previous_label&quot;:&quot;Retour&quot;,&quot;button_width&quot;:&quot;100&quot;,&quot;step_type&quot;:&quot;number_text&quot;,&quot;step_icon_shape&quot;:&quot;circle&quot;}\" data-widget_type=\"form.default\">\n\t\t\t\t<div class=\"elementor-widget-container\">\n\t\t\t\t\t\t\t<form class=\"elementor-form\" method=\"post\" id=\"kontaktformular\" name=\"Formulaire de contact\" aria-label=\"Formulaire de contact\" novalidate=\"\">\n\t\t\t<input type=\"hidden\" name=\"post_id\" value=\"3276\"\/>\n\t\t\t<input type=\"hidden\" name=\"form_id\" value=\"9233d6b\"\/>\n\t\t\t<input type=\"hidden\" name=\"referer_title\" value=\"Page d&#039;accueil &#8211; HAVO Group AG\" \/>\n\n\t\t\t\t\t\t\t<input type=\"hidden\" name=\"queried_id\" value=\"3301\"\/>\n\t\t\t\n\t\t\t<div class=\"elementor-form-fields-wrapper elementor-labels-above\">\n\t\t\t\t\t\t\t\t<div class=\"elementor-field-type-text elementor-field-group elementor-column elementor-field-group-name elementor-col-50 elementor-field-required\">\n\t\t\t\t\t\t\t\t\t\t\t\t<label for=\"form-field-name\" class=\"elementor-field-label\">\n\t\t\t\t\t\t\t\tNom\t\t\t\t\t\t\t<\/label>\n\t\t\t\t\t\t\t\t\t\t\t\t\t\t<input size=\"1\" type=\"text\" name=\"form_fields[name]\" id=\"form-field-name\" class=\"elementor-field elementor-size-sm  elementor-field-textual\" placeholder=\"Nom\" required=\"required\">\n\t\t\t\t\t\t\t\t\t\t\t<\/div>\n\t\t\t\t\t\t\t\t<div class=\"elementor-field-type-text elementor-field-group elementor-column elementor-field-group-field_3569968 elementor-col-50 elementor-field-required\">\n\t\t\t\t\t\t\t\t\t\t\t\t<label for=\"form-field-field_3569968\" class=\"elementor-field-label\">\n\t\t\t\t\t\t\t\tNom\t\t\t\t\t\t\t<\/label>\n\t\t\t\t\t\t\t\t\t\t\t\t\t\t<input size=\"1\" type=\"text\" name=\"form_fields[field_3569968]\" id=\"form-field-field_3569968\" class=\"elementor-field elementor-size-sm  elementor-field-textual\" placeholder=\"Nom\" required=\"required\">\n\t\t\t\t\t\t\t\t\t\t\t<\/div>\n\t\t\t\t\t\t\t\t<div class=\"elementor-field-type-text elementor-field-group elementor-column elementor-field-group-field_0bbef3b elementor-col-100 elementor-field-required\">\n\t\t\t\t\t\t\t\t\t\t\t\t<label for=\"form-field-field_0bbef3b\" class=\"elementor-field-label\">\n\t\t\t\t\t\t\t\tNum\u00e9ro de t\u00e9l\u00e9phone\t\t\t\t\t\t\t<\/label>\n\t\t\t\t\t\t\t\t\t\t\t\t\t\t<input size=\"1\" type=\"text\" name=\"form_fields[field_0bbef3b]\" id=\"form-field-field_0bbef3b\" class=\"elementor-field elementor-size-sm  elementor-field-textual\" placeholder=\"Num\u00e9ro de t\u00e9l\u00e9phone\" required=\"required\">\n\t\t\t\t\t\t\t\t\t\t\t<\/div>\n\t\t\t\t\t\t\t\t<div class=\"elementor-field-type-email elementor-field-group elementor-column elementor-field-group-email elementor-col-100 elementor-field-required\">\n\t\t\t\t\t\t\t\t\t\t\t\t<label for=\"form-field-email\" class=\"elementor-field-label\">\n\t\t\t\t\t\t\t\tAdresse e-mail\t\t\t\t\t\t\t<\/label>\n\t\t\t\t\t\t\t\t\t\t\t\t\t\t<input size=\"1\" type=\"email\" name=\"form_fields[email]\" id=\"form-field-email\" class=\"elementor-field elementor-size-sm  elementor-field-textual\" placeholder=\"Adresse e-mail\" required=\"required\">\n\t\t\t\t\t\t\t\t\t\t\t<\/div>\n\t\t\t\t\t\t\t\t<div class=\"elementor-field-type-textarea elementor-field-group elementor-column elementor-field-group-message elementor-col-100 elementor-field-required\">\n\t\t\t\t\t\t\t\t\t\t\t\t<label for=\"form-field-message\" class=\"elementor-field-label\">\n\t\t\t\t\t\t\t\tVotre message\t\t\t\t\t\t\t<\/label>\n\t\t\t\t\t\t<textarea class=\"elementor-field-textual elementor-field  elementor-size-sm\" name=\"form_fields[message]\" id=\"form-field-message\" rows=\"3\" placeholder=\"Votre message\" required=\"required\"><\/textarea>\t\t\t\t<\/div>\n\t\t\t\t\t\t\t\t<div class=\"elementor-field-type-acceptance elementor-field-group elementor-column elementor-field-group-field_e99fa4e elementor-col-100 elementor-field-required\">\n\t\t\t\t\t\t\t<div class=\"elementor-field-subgroup\">\n\t\t\t<span class=\"elementor-field-option\">\n\t\t\t\t<input type=\"checkbox\" name=\"form_fields[field_e99fa4e]\" id=\"form-field-field_e99fa4e\" class=\"elementor-field elementor-size-sm  elementor-acceptance-field\" required=\"required\">\n\t\t\t\t<label for=\"form-field-field_e99fa4e\">J\u2019accepte par la pr\u00e9sente la <a href=\"https:\/\/www.havo.ch\/datenschutz\/\" style=\"color: #E3E3E3 !important; text-decoration: underline !important;\" target=\"_blank\" rel=\"noopener noreferrer nofollow\">d\u00e9claration de confidentialit\u00e9<\/a>.<\/label>\t\t\t<\/span>\n\t\t<\/div>\n\t\t\t\t\t\t<\/div>\n\t\t\t\t\t\t\t\t<div class=\"elementor-field-type-text\">\n\t\t\t\t\t<input size=\"1\" type=\"text\" name=\"form_fields[field_6973f12]\" id=\"form-field-field_6973f12\" class=\"elementor-field elementor-size-sm \" style=\"display:none !important;\">\t\t\t\t<\/div>\n\t\t\t\t\t\t\t\t<div class=\"elementor-field-type-recaptcha_v3 elementor-field-group elementor-column elementor-field-group-field_155a6a0 elementor-col-100 recaptcha_v3-bottomright\">\n\t\t\t\t\t<div class=\"elementor-field\" id=\"form-field-field_155a6a0\"><div class=\"elementor-g-recaptcha\" data-sitekey=\"6LcyfPQrAAAAAMaknSpRCdFWhczFcOoD3667jJKR\" data-type=\"v3\" data-action=\"Form\" data-badge=\"bottomright\" data-size=\"invisible\"><\/div><\/div>\t\t\t\t<\/div>\n\t\t\t\t\t\t\t\t<div class=\"elementor-field-group elementor-column elementor-field-type-submit elementor-col-100 e-form__buttons\">\n\t\t\t\t\t<button class=\"elementor-button elementor-size-sm\" type=\"submit\">\n\t\t\t\t\t\t<span class=\"elementor-button-content-wrapper\">\n\t\t\t\t\t\t\t\t\t\t\t\t\t\t\t<span class=\"elementor-button-icon\">\n\t\t\t\t\t\t\t\t\t<svg xmlns=\"http:\/\/www.w3.org\/2000\/svg\" width=\"16\" height=\"16\" fill=\"currentColor\" class=\"bi bi-arrow-right\" viewBox=\"0 0 16 16\"><path fill-rule=\"evenodd\" d=\"M1 8a.5.5 0 0 1 .5-.5h11.793l-3.147-3.146a.5.5 0 0 1 .708-.708l4 4a.5.5 0 0 1 0 .708l-4 4a.5.5 0 0 1-.708-.708L13.293 8.5H1.5A.5.5 0 0 1 1 8\"><\/path><\/svg>\t\t\t\t\t\t\t\t\t\t\t\t\t\t\t\t\t<\/span>\n\t\t\t\t\t\t\t\t\t\t\t\t\t\t\t\t\t\t\t\t\t\t<span class=\"elementor-button-text\">Envoyer<\/span>\n\t\t\t\t\t\t\t\t\t\t\t\t\t<\/span>\n\t\t\t\t\t<\/button>\n\t\t\t\t<\/div>\n\t\t\t<\/div>\n\t\t<\/form>\n\t\t\t\t\t\t<\/div>\n\t\t\t\t<\/div>\n\t\t\t\t<\/div>\n\t\t\t\t<\/div>\n\t\t\t\t<\/div>\n\t\t<div class=\"elementor-element elementor-element-2721b79 e-con-full e-flex e-con e-child\" data-id=\"2721b79\" data-element_type=\"container\" data-e-type=\"container\">\n\t\t\t\t<\/div>\n\t\t\t\t<\/div>\n\t\t\t\t<\/div>\n\t\t<\/div>\n\t\t\t\t\t\t<\/div>\n\t\t\t\t<\/div>\n\t\t\t\t<\/div>\n\t\t\t\t<\/div>\n\t\t","protected":false},"excerpt":{"rendered":"<p>HAVO Group AG compte de nombreux clients de renom et entretient des relations de partenariat de longue date. Notre objectif est de continuer \u00e0 d\u00e9velopper et \u00e0 renforcer ces coop\u00e9rations fructueuses. <\/p>\n","protected":false},"author":1,"featured_media":3087,"parent":3178,"menu_order":3,"comment_status":"closed","ping_status":"closed","template":"","meta":{"_acf_changed":false,"footnotes":""},"class_list":["post-3086","page","type-page","status-publish","has-post-thumbnail","hentry"],"acf":[],"yoast_head":"<!-- This site is optimized with the Yoast SEO plugin v27.3 - https:\/\/yoast.com\/product\/yoast-seo-wordpress\/ -->\n<title>Clients &#8211; HAVO Group AG<\/title>\n<meta name=\"description\" content=\"HAVO Group AG compte de nombreux clients de renom et entretient des relations de partenariat de longue date. Notre objectif est de continuer \u00e0 d\u00e9velopper et \u00e0 renforcer ces coop\u00e9rations fructueuses.\" \/>\n<meta name=\"robots\" content=\"index, follow, max-snippet:-1, max-image-preview:large, max-video-preview:-1\" \/>\n<link rel=\"canonical\" href=\"https:\/\/havo.ch\/fr\/a-propos-de-nous\/clients\/\" \/>\n<meta property=\"og:locale\" content=\"fr_FR\" \/>\n<meta property=\"og:type\" content=\"article\" \/>\n<meta property=\"og:title\" content=\"Clients &#8211; HAVO Group AG\" \/>\n<meta property=\"og:description\" content=\"HAVO Group AG compte de nombreux clients de renom et entretient des relations de partenariat de longue date. Notre objectif est de continuer \u00e0 d\u00e9velopper et \u00e0 renforcer ces coop\u00e9rations fructueuses.\" \/>\n<meta property=\"og:url\" content=\"https:\/\/havo.ch\/fr\/a-propos-de-nous\/clients\/\" \/>\n<meta property=\"og:site_name\" content=\"HAVO Group AG\" \/>\n<meta property=\"article:publisher\" content=\"https:\/\/www.facebook.com\/havogroupag\" \/>\n<meta property=\"article:modified_time\" content=\"2025-11-11T15:11:25+00:00\" \/>\n<meta property=\"og:image\" content=\"https:\/\/havo.ch\/wp-content\/uploads\/2025\/09\/SPAR-Express_Egg-b-ZH_29_Freigabe_10-2023.jpg\" \/>\n\t<meta property=\"og:image:width\" content=\"800\" \/>\n\t<meta property=\"og:image:height\" content=\"1200\" \/>\n\t<meta property=\"og:image:type\" content=\"image\/jpeg\" \/>\n<meta name=\"twitter:card\" content=\"summary_large_image\" \/>\n<script type=\"application\/ld+json\" class=\"yoast-schema-graph\">{\"@context\":\"https:\\\/\\\/schema.org\",\"@graph\":[{\"@type\":\"WebPage\",\"@id\":\"https:\\\/\\\/havo.ch\\\/fr\\\/a-propos-de-nous\\\/clients\\\/\",\"url\":\"https:\\\/\\\/havo.ch\\\/fr\\\/a-propos-de-nous\\\/clients\\\/\",\"name\":\"Clients &#8211; HAVO Group AG\",\"isPartOf\":{\"@id\":\"https:\\\/\\\/havo.ch\\\/fr\\\/#website\"},\"primaryImageOfPage\":{\"@id\":\"https:\\\/\\\/havo.ch\\\/fr\\\/a-propos-de-nous\\\/clients\\\/#primaryimage\"},\"image\":{\"@id\":\"https:\\\/\\\/havo.ch\\\/fr\\\/a-propos-de-nous\\\/clients\\\/#primaryimage\"},\"thumbnailUrl\":\"https:\\\/\\\/havo.ch\\\/wp-content\\\/uploads\\\/2025\\\/09\\\/SPAR-Express_Egg-b-ZH_29_Freigabe_10-2023.jpg\",\"datePublished\":\"2025-07-04T11:40:38+00:00\",\"dateModified\":\"2025-11-11T15:11:25+00:00\",\"description\":\"HAVO Group AG compte de nombreux clients de renom et entretient des relations de partenariat de longue date. Notre objectif est de continuer \u00e0 d\u00e9velopper et \u00e0 renforcer ces coop\u00e9rations fructueuses.\",\"breadcrumb\":{\"@id\":\"https:\\\/\\\/havo.ch\\\/fr\\\/a-propos-de-nous\\\/clients\\\/#breadcrumb\"},\"inLanguage\":\"fr-FR\",\"potentialAction\":[{\"@type\":\"ReadAction\",\"target\":[\"https:\\\/\\\/havo.ch\\\/fr\\\/a-propos-de-nous\\\/clients\\\/\"]}]},{\"@type\":\"ImageObject\",\"inLanguage\":\"fr-FR\",\"@id\":\"https:\\\/\\\/havo.ch\\\/fr\\\/a-propos-de-nous\\\/clients\\\/#primaryimage\",\"url\":\"https:\\\/\\\/havo.ch\\\/wp-content\\\/uploads\\\/2025\\\/09\\\/SPAR-Express_Egg-b-ZH_29_Freigabe_10-2023.jpg\",\"contentUrl\":\"https:\\\/\\\/havo.ch\\\/wp-content\\\/uploads\\\/2025\\\/09\\\/SPAR-Express_Egg-b-ZH_29_Freigabe_10-2023.jpg\",\"width\":800,\"height\":1200},{\"@type\":\"BreadcrumbList\",\"@id\":\"https:\\\/\\\/havo.ch\\\/fr\\\/a-propos-de-nous\\\/clients\\\/#breadcrumb\",\"itemListElement\":[{\"@type\":\"ListItem\",\"position\":1,\"name\":\"Startseite\",\"item\":\"https:\\\/\\\/havo.ch\\\/fr\\\/\"},{\"@type\":\"ListItem\",\"position\":2,\"name\":\"\u00c0 propos de nous\",\"item\":\"https:\\\/\\\/havo.ch\\\/fr\\\/ueber-uns\\\/\"},{\"@type\":\"ListItem\",\"position\":3,\"name\":\"Clients\"}]},{\"@type\":\"WebSite\",\"@id\":\"https:\\\/\\\/havo.ch\\\/fr\\\/#website\",\"url\":\"https:\\\/\\\/havo.ch\\\/fr\\\/\",\"name\":\"HAVO Group AG\",\"description\":\"Solutions de r\u00e9frig\u00e9ration pr\u00eates \u00e0 brancher pour l'univers de la fra\u00eecheur suisse.\",\"publisher\":{\"@id\":\"https:\\\/\\\/havo.ch\\\/fr\\\/#organization\"},\"alternateName\":\"HAVO Group AG\",\"potentialAction\":[{\"@type\":\"SearchAction\",\"target\":{\"@type\":\"EntryPoint\",\"urlTemplate\":\"https:\\\/\\\/havo.ch\\\/fr\\\/?s={search_term_string}\"},\"query-input\":{\"@type\":\"PropertyValueSpecification\",\"valueRequired\":true,\"valueName\":\"search_term_string\"}}],\"inLanguage\":\"fr-FR\"},{\"@type\":\"Organization\",\"@id\":\"https:\\\/\\\/havo.ch\\\/fr\\\/#organization\",\"name\":\"HAVO Group AG\",\"alternateName\":\"HAVO Group AG\",\"url\":\"https:\\\/\\\/havo.ch\\\/fr\\\/\",\"logo\":{\"@type\":\"ImageObject\",\"inLanguage\":\"fr-FR\",\"@id\":\"https:\\\/\\\/havo.ch\\\/fr\\\/#\\\/schema\\\/logo\\\/image\\\/\",\"url\":\"https:\\\/\\\/havo.ch\\\/wp-content\\\/uploads\\\/2025\\\/10\\\/HAVO-Group-AG-Logo-farbig.svg\",\"contentUrl\":\"https:\\\/\\\/havo.ch\\\/wp-content\\\/uploads\\\/2025\\\/10\\\/HAVO-Group-AG-Logo-farbig.svg\",\"width\":793,\"height\":122,\"caption\":\"HAVO Group AG\"},\"image\":{\"@id\":\"https:\\\/\\\/havo.ch\\\/fr\\\/#\\\/schema\\\/logo\\\/image\\\/\"},\"sameAs\":[\"https:\\\/\\\/www.facebook.com\\\/havogroupag\",\"https:\\\/\\\/www.instagram.com\\\/havogroupag\\\/\",\"https:\\\/\\\/www.linkedin.com\\\/company\\\/havo-group-ag\\\/\",\"https:\\\/\\\/www.youtube.com\\\/@havogroupag6623\",\"https:\\\/\\\/www.tiktok.com\\\/@havogroupag\"]}]}<\/script>\n<!-- \/ Yoast SEO plugin. -->","yoast_head_json":{"title":"Clients &#8211; HAVO Group AG","description":"HAVO Group AG compte de nombreux clients de renom et entretient des relations de partenariat de longue date. Notre objectif est de continuer \u00e0 d\u00e9velopper et \u00e0 renforcer ces coop\u00e9rations fructueuses.","robots":{"index":"index","follow":"follow","max-snippet":"max-snippet:-1","max-image-preview":"max-image-preview:large","max-video-preview":"max-video-preview:-1"},"canonical":"https:\/\/havo.ch\/fr\/a-propos-de-nous\/clients\/","og_locale":"fr_FR","og_type":"article","og_title":"Clients &#8211; HAVO Group AG","og_description":"HAVO Group AG compte de nombreux clients de renom et entretient des relations de partenariat de longue date. Notre objectif est de continuer \u00e0 d\u00e9velopper et \u00e0 renforcer ces coop\u00e9rations fructueuses.","og_url":"https:\/\/havo.ch\/fr\/a-propos-de-nous\/clients\/","og_site_name":"HAVO Group AG","article_publisher":"https:\/\/www.facebook.com\/havogroupag","article_modified_time":"2025-11-11T15:11:25+00:00","og_image":[{"width":800,"height":1200,"url":"https:\/\/havo.ch\/wp-content\/uploads\/2025\/09\/SPAR-Express_Egg-b-ZH_29_Freigabe_10-2023.jpg","type":"image\/jpeg"}],"twitter_card":"summary_large_image","schema":{"@context":"https:\/\/schema.org","@graph":[{"@type":"WebPage","@id":"https:\/\/havo.ch\/fr\/a-propos-de-nous\/clients\/","url":"https:\/\/havo.ch\/fr\/a-propos-de-nous\/clients\/","name":"Clients &#8211; HAVO Group AG","isPartOf":{"@id":"https:\/\/havo.ch\/fr\/#website"},"primaryImageOfPage":{"@id":"https:\/\/havo.ch\/fr\/a-propos-de-nous\/clients\/#primaryimage"},"image":{"@id":"https:\/\/havo.ch\/fr\/a-propos-de-nous\/clients\/#primaryimage"},"thumbnailUrl":"https:\/\/havo.ch\/wp-content\/uploads\/2025\/09\/SPAR-Express_Egg-b-ZH_29_Freigabe_10-2023.jpg","datePublished":"2025-07-04T11:40:38+00:00","dateModified":"2025-11-11T15:11:25+00:00","description":"HAVO Group AG compte de nombreux clients de renom et entretient des relations de partenariat de longue date. Notre objectif est de continuer \u00e0 d\u00e9velopper et \u00e0 renforcer ces coop\u00e9rations fructueuses.","breadcrumb":{"@id":"https:\/\/havo.ch\/fr\/a-propos-de-nous\/clients\/#breadcrumb"},"inLanguage":"fr-FR","potentialAction":[{"@type":"ReadAction","target":["https:\/\/havo.ch\/fr\/a-propos-de-nous\/clients\/"]}]},{"@type":"ImageObject","inLanguage":"fr-FR","@id":"https:\/\/havo.ch\/fr\/a-propos-de-nous\/clients\/#primaryimage","url":"https:\/\/havo.ch\/wp-content\/uploads\/2025\/09\/SPAR-Express_Egg-b-ZH_29_Freigabe_10-2023.jpg","contentUrl":"https:\/\/havo.ch\/wp-content\/uploads\/2025\/09\/SPAR-Express_Egg-b-ZH_29_Freigabe_10-2023.jpg","width":800,"height":1200},{"@type":"BreadcrumbList","@id":"https:\/\/havo.ch\/fr\/a-propos-de-nous\/clients\/#breadcrumb","itemListElement":[{"@type":"ListItem","position":1,"name":"Startseite","item":"https:\/\/havo.ch\/fr\/"},{"@type":"ListItem","position":2,"name":"\u00c0 propos de nous","item":"https:\/\/havo.ch\/fr\/ueber-uns\/"},{"@type":"ListItem","position":3,"name":"Clients"}]},{"@type":"WebSite","@id":"https:\/\/havo.ch\/fr\/#website","url":"https:\/\/havo.ch\/fr\/","name":"HAVO Group AG","description":"Solutions de r\u00e9frig\u00e9ration pr\u00eates \u00e0 brancher pour l'univers de la fra\u00eecheur suisse.","publisher":{"@id":"https:\/\/havo.ch\/fr\/#organization"},"alternateName":"HAVO Group AG","potentialAction":[{"@type":"SearchAction","target":{"@type":"EntryPoint","urlTemplate":"https:\/\/havo.ch\/fr\/?s={search_term_string}"},"query-input":{"@type":"PropertyValueSpecification","valueRequired":true,"valueName":"search_term_string"}}],"inLanguage":"fr-FR"},{"@type":"Organization","@id":"https:\/\/havo.ch\/fr\/#organization","name":"HAVO Group AG","alternateName":"HAVO Group AG","url":"https:\/\/havo.ch\/fr\/","logo":{"@type":"ImageObject","inLanguage":"fr-FR","@id":"https:\/\/havo.ch\/fr\/#\/schema\/logo\/image\/","url":"https:\/\/havo.ch\/wp-content\/uploads\/2025\/10\/HAVO-Group-AG-Logo-farbig.svg","contentUrl":"https:\/\/havo.ch\/wp-content\/uploads\/2025\/10\/HAVO-Group-AG-Logo-farbig.svg","width":793,"height":122,"caption":"HAVO Group AG"},"image":{"@id":"https:\/\/havo.ch\/fr\/#\/schema\/logo\/image\/"},"sameAs":["https:\/\/www.facebook.com\/havogroupag","https:\/\/www.instagram.com\/havogroupag\/","https:\/\/www.linkedin.com\/company\/havo-group-ag\/","https:\/\/www.youtube.com\/@havogroupag6623","https:\/\/www.tiktok.com\/@havogroupag"]}]}},"publishpress_future_action":{"enabled":false,"date":"2026-05-08 04:34:26","action":"change-status","newStatus":"draft","terms":[],"taxonomy":"translation_priority","extraData":[]},"publishpress_future_workflow_manual_trigger":{"enabledWorkflows":[]},"_links":{"self":[{"href":"https:\/\/havo.ch\/fr\/wp-json\/wp\/v2\/pages\/3086","targetHints":{"allow":["GET"]}}],"collection":[{"href":"https:\/\/havo.ch\/fr\/wp-json\/wp\/v2\/pages"}],"about":[{"href":"https:\/\/havo.ch\/fr\/wp-json\/wp\/v2\/types\/page"}],"author":[{"embeddable":true,"href":"https:\/\/havo.ch\/fr\/wp-json\/wp\/v2\/users\/1"}],"replies":[{"embeddable":true,"href":"https:\/\/havo.ch\/fr\/wp-json\/wp\/v2\/comments?post=3086"}],"version-history":[{"count":1,"href":"https:\/\/havo.ch\/fr\/wp-json\/wp\/v2\/pages\/3086\/revisions"}],"predecessor-version":[{"id":3966,"href":"https:\/\/havo.ch\/fr\/wp-json\/wp\/v2\/pages\/3086\/revisions\/3966"}],"up":[{"embeddable":true,"href":"https:\/\/havo.ch\/fr\/wp-json\/wp\/v2\/pages\/3178"}],"wp:featuredmedia":[{"embeddable":true,"href":"https:\/\/havo.ch\/fr\/wp-json\/wp\/v2\/media\/3087"}],"wp:attachment":[{"href":"https:\/\/havo.ch\/fr\/wp-json\/wp\/v2\/media?parent=3086"}],"curies":[{"name":"wp","href":"https:\/\/api.w.org\/{rel}","templated":true}]}}