{"id":3097,"date":"2025-10-02T10:47:34","date_gmt":"2025-10-02T08:47:34","guid":{"rendered":"https:\/\/havo.ch\/conditions-dutilisation\/"},"modified":"2025-11-11T15:06:05","modified_gmt":"2025-11-11T14:06:05","slug":"conditions-dutilisation","status":"publish","type":"page","link":"https:\/\/havo.ch\/fr\/conditions-dutilisation\/","title":{"rendered":"Conditions d'utilisation"},"content":{"rendered":"\t\t<div data-elementor-type=\"wp-page\" data-elementor-id=\"3097\" class=\"elementor elementor-3097 elementor-2145\" data-elementor-post-type=\"page\">\n\t\t\t\t<div class=\"elementor-element elementor-element-03d6d61 e-flex e-con-boxed e-con e-parent\" data-id=\"03d6d61\" data-element_type=\"container\" data-e-type=\"container\" data-settings=\"{&quot;background_background&quot;:&quot;classic&quot;}\">\n\t\t\t\t\t<div class=\"e-con-inner\">\n\t\t\t\t<div class=\"elementor-element elementor-element-4cb6123 elementor-widget elementor-widget-heading\" data-id=\"4cb6123\" data-element_type=\"widget\" data-e-type=\"widget\" data-widget_type=\"heading.default\">\n\t\t\t\t<div class=\"elementor-widget-container\">\n\t\t\t\t\t<h3 class=\"elementor-heading-title elementor-size-default\">Introduction\n<\/h3>\t\t\t\t<\/div>\n\t\t\t\t<\/div>\n\t\t\t\t<div class=\"elementor-element elementor-element-b30c13a elementor-widget elementor-widget-text-editor\" data-id=\"b30c13a\" data-element_type=\"widget\" data-e-type=\"widget\" data-widget_type=\"text-editor.default\">\n\t\t\t\t<div class=\"elementor-widget-container\">\n\t\t\t\t\t\t\t\t\t<p>Par souci de simplicit\u00e9, \u00ab&nbsp;HAVO Group AG&nbsp;\u00bb est abr\u00e9g\u00e9 en \u00ab&nbsp;HAVO&nbsp;\u00bb.<\/p><p>En acc\u00e9dant \u00e0 ce site web et \u00e0 ses pages, ainsi qu'aux produits, services, informations et documents qu'il contient ou d\u00e9crit (ci-apr\u00e8s les \u00e9l\u00e9ments), vous d\u00e9clarez avoir compris et accepter les conditions d'utilisation suivantes.<\/p>\t\t\t\t\t\t\t\t<\/div>\n\t\t\t\t<\/div>\n\t\t\t\t\t<\/div>\n\t\t\t\t<\/div>\n\t\t<div class=\"elementor-element elementor-element-c442c63 e-flex e-con-boxed e-con e-parent\" data-id=\"c442c63\" data-element_type=\"container\" data-e-type=\"container\">\n\t\t\t\t\t<div class=\"e-con-inner\">\n\t\t<div class=\"elementor-element elementor-element-f3e03d1 e-con-full e-flex e-con e-child\" data-id=\"f3e03d1\" data-element_type=\"container\" data-e-type=\"container\">\n\t\t\t\t<div class=\"elementor-element elementor-element-9a85887 elementor-widget elementor-widget-heading\" data-id=\"9a85887\" data-element_type=\"widget\" data-e-type=\"widget\" data-widget_type=\"heading.default\">\n\t\t\t\t<div class=\"elementor-widget-container\">\n\t\t\t\t\t<h3 class=\"elementor-heading-title elementor-size-default\">Copyright<\/h3>\t\t\t\t<\/div>\n\t\t\t\t<\/div>\n\t\t\t\t<div class=\"elementor-element elementor-element-d1e3c18 elementor-widget elementor-widget-text-editor\" data-id=\"d1e3c18\" data-element_type=\"widget\" data-e-type=\"widget\" data-widget_type=\"text-editor.default\">\n\t\t\t\t<div class=\"elementor-widget-container\">\n\t\t\t\t\t\t\t\t\t<p>Tous les \u00e9l\u00e9ments du site web de HAVO appartiennent \u2013 sauf indication contraire \u2013 exclusivement et int\u00e9gralement \u00e0 HAVO (en particulier les droits d'auteur et autres droits). Les \u00e9l\u00e9ments ne peuvent \u00eatre utilis\u00e9s librement qu'\u00e0 des fins de navigation. Toute republication, modification, liaison, utilisation, transmission, copie int\u00e9grale ou partielle est interdite sans l'accord \u00e9crit pr\u00e9alable de HAVO.<\/p>\t\t\t\t\t\t\t\t<\/div>\n\t\t\t\t<\/div>\n\t\t\t\t<div class=\"elementor-element elementor-element-0034a72 elementor-widget elementor-widget-heading\" data-id=\"0034a72\" data-element_type=\"widget\" data-e-type=\"widget\" data-widget_type=\"heading.default\">\n\t\t\t\t<div class=\"elementor-widget-container\">\n\t\t\t\t\t<h3 class=\"elementor-heading-title elementor-size-default\">Propri\u00e9t\u00e9 des droits sur les marques de HAVO\n<\/h3>\t\t\t\t<\/div>\n\t\t\t\t<\/div>\n\t\t\t\t<div class=\"elementor-element elementor-element-88d0ad9 elementor-widget elementor-widget-text-editor\" data-id=\"88d0ad9\" data-element_type=\"widget\" data-e-type=\"widget\" data-widget_type=\"text-editor.default\">\n\t\t\t\t<div class=\"elementor-widget-container\">\n\t\t\t\t\t\t\t\t\t<p>Le logo de HAVO est une marque d\u00e9pos\u00e9e. Aucun \u00e9l\u00e9ment du site web de HAVO n'est con\u00e7u de mani\u00e8re \u00e0 accorder une licence ou un droit d'utilisation d'une image, d'une marque d\u00e9pos\u00e9e ou d'un logo. Le t\u00e9l\u00e9chargement ou la copie du site web de HAVO ne vous transf\u00e8re aucun droit concernant le logiciel ou les \u00e9l\u00e9ments du site web de HAVO. HAVO se r\u00e9serve tous les droits (en particulier les droits d'auteur et les droits sur les marques) concernant tous les \u00e9l\u00e9ments du site web de HAVO et exercera pleinement toutes les possibilit\u00e9s de faire valoir ces droits.<\/p>\t\t\t\t\t\t\t\t<\/div>\n\t\t\t\t<\/div>\n\t\t\t\t<div class=\"elementor-element elementor-element-f330adf elementor-widget elementor-widget-heading\" data-id=\"f330adf\" data-element_type=\"widget\" data-e-type=\"widget\" data-widget_type=\"heading.default\">\n\t\t\t\t<div class=\"elementor-widget-container\">\n\t\t\t\t\t<h3 class=\"elementor-heading-title elementor-size-default\">Aucune garantie\n<\/h3>\t\t\t\t<\/div>\n\t\t\t\t<\/div>\n\t\t\t\t<div class=\"elementor-element elementor-element-537a793 elementor-widget elementor-widget-text-editor\" data-id=\"537a793\" data-element_type=\"widget\" data-e-type=\"widget\" data-widget_type=\"text-editor.default\">\n\t\t\t\t<div class=\"elementor-widget-container\">\n\t\t\t\t\t\t\t\t\t<p>HAVO n'assume aucune responsabilit\u00e9 et ne donne aucune garantie que les fonctions du site web de HAVO ne seront pas interrompues ou exemptes d'erreurs, que les erreurs seront corrig\u00e9es ou que le site web de HAVO ou le serveur respectif est exempt de virus ou de composants nuisibles.<\/p>\t\t\t\t\t\t\t\t<\/div>\n\t\t\t\t<\/div>\n\t\t\t\t<div class=\"elementor-element elementor-element-e2bc8e9 elementor-widget elementor-widget-heading\" data-id=\"e2bc8e9\" data-element_type=\"widget\" data-e-type=\"widget\" data-widget_type=\"heading.default\">\n\t\t\t\t<div class=\"elementor-widget-container\">\n\t\t\t\t\t<h3 class=\"elementor-heading-title elementor-size-default\">Aucune assurance\n<\/h3>\t\t\t\t<\/div>\n\t\t\t\t<\/div>\n\t\t\t\t<div class=\"elementor-element elementor-element-52bbc3e elementor-widget elementor-widget-text-editor\" data-id=\"52bbc3e\" data-element_type=\"widget\" data-e-type=\"widget\" data-widget_type=\"text-editor.default\">\n\t\t\t\t<div class=\"elementor-widget-container\">\n\t\t\t\t\t\t\t\t\t<p>Bien que HAVO ait apport\u00e9 tout le soin n\u00e9cessaire pour que les \u00e9l\u00e9ments du site web de HAVO soient exacts au moment de leur publication, ni HAVO ni ses partenaires contractuels ne peuvent donner une assurance ou une garantie explicite ou implicite (y compris envers des tiers) quant \u00e0 l'exactitude, la fiabilit\u00e9 ou l'exhaustivit\u00e9 des \u00e9l\u00e9ments. Les \u00e9l\u00e9ments du site web de HAVO peuvent \u00eatre modifi\u00e9s \u00e0 tout moment et sans pr\u00e9avis.<\/p>\t\t\t\t\t\t\t\t<\/div>\n\t\t\t\t<\/div>\n\t\t\t\t<div class=\"elementor-element elementor-element-73436e3 elementor-widget elementor-widget-heading\" data-id=\"73436e3\" data-element_type=\"widget\" data-e-type=\"widget\" data-widget_type=\"heading.default\">\n\t\t\t\t<div class=\"elementor-widget-container\">\n\t\t\t\t\t<h3 class=\"elementor-heading-title elementor-size-default\">Aucune responsabilit\u00e9\n<\/h3>\t\t\t\t<\/div>\n\t\t\t\t<\/div>\n\t\t\t\t<div class=\"elementor-element elementor-element-6719252 elementor-widget elementor-widget-text-editor\" data-id=\"6719252\" data-element_type=\"widget\" data-e-type=\"widget\" data-widget_type=\"text-editor.default\">\n\t\t\t\t<div class=\"elementor-widget-container\">\n\t\t\t\t\t\t\t\t\t<p>Toute responsabilit\u00e9 de HAVO (y compris en cas de n\u00e9gligence) pour les dommages ou dommages cons\u00e9cutifs r\u00e9sultant de l'utilisation ou de l'acc\u00e8s aux \u00e9l\u00e9ments du site web de HAVO ou aux liens vers des sites web de tiers (ou de l'impossibilit\u00e9 d'utilisation ou d'acc\u00e8s) est exclue. De plus, HAVO d\u00e9cline toute responsabilit\u00e9 pour les manipulations du syst\u00e8me informatique de l'utilisateur d'Internet par des tiers.<\/p>\t\t\t\t\t\t\t\t<\/div>\n\t\t\t\t<\/div>\n\t\t\t\t<div class=\"elementor-element elementor-element-e4132b6 elementor-widget elementor-widget-heading\" data-id=\"e4132b6\" data-element_type=\"widget\" data-e-type=\"widget\" data-widget_type=\"heading.default\">\n\t\t\t\t<div class=\"elementor-widget-container\">\n\t\t\t\t\t<h3 class=\"elementor-heading-title elementor-size-default\">Aucune s\u00e9curit\u00e9 lors du transfert de donn\u00e9es<\/h3>\t\t\t\t<\/div>\n\t\t\t\t<\/div>\n\t\t\t\t<div class=\"elementor-element elementor-element-90b118d elementor-widget elementor-widget-text-editor\" data-id=\"90b118d\" data-element_type=\"widget\" data-e-type=\"widget\" data-widget_type=\"text-editor.default\">\n\t\t\t\t<div class=\"elementor-widget-container\">\n\t\t\t\t\t\t\t\t\t<p>Lorsque vous visitez le site web de HAVO, vos donn\u00e9es sont transport\u00e9es via un r\u00e9seau ouvert accessible \u00e0 tous. Les donn\u00e9es peuvent donc \u00eatre transmises au-del\u00e0 des fronti\u00e8res, m\u00eame si vous et HAVO vous trouvez en Suisse. Vous reconnaissez \u00e9galement que les \u00e9l\u00e9ments que vous transmettez \u00e0 HAVO ou que vous vous faites transmettre par HAVO via un support \u00e9lectronique, en particulier par e-mail, ne sont g\u00e9n\u00e9ralement pas crypt\u00e9s. M\u00eame en cas de transmission crypt\u00e9e, l'exp\u00e9diteur et le destinataire restent non crypt\u00e9s. De plus, HAVO attire express\u00e9ment l'attention sur le danger des virus et la possibilit\u00e9 d'attaques de pirates cibl\u00e9es. Afin de lutter contre les virus, il est recommand\u00e9 d'utiliser les versions actuelles des navigateurs ainsi que d'installer un logiciel antivirus mis \u00e0 jour en permanence. Il convient de renoncer syst\u00e9matiquement \u00e0 ouvrir les e-mails d'origine inconnue et les pi\u00e8ces jointes non attendues d'un e-mail.<\/p>\t\t\t\t\t\t\t\t<\/div>\n\t\t\t\t<\/div>\n\t\t\t\t<div class=\"elementor-element elementor-element-086816b elementor-widget elementor-widget-heading\" data-id=\"086816b\" data-element_type=\"widget\" data-e-type=\"widget\" data-widget_type=\"heading.default\">\n\t\t\t\t<div class=\"elementor-widget-container\">\n\t\t\t\t\t<h3 class=\"elementor-heading-title elementor-size-default\">Protection des donn\u00e9es personnelles\n<\/h3>\t\t\t\t<\/div>\n\t\t\t\t<\/div>\n\t\t\t\t<div class=\"elementor-element elementor-element-5a81ccf elementor-widget elementor-widget-text-editor\" data-id=\"5a81ccf\" data-element_type=\"widget\" data-e-type=\"widget\" data-widget_type=\"text-editor.default\">\n\t\t\t\t<div class=\"elementor-widget-container\">\n\t\t\t\t\t\t\t\t\t<p>HAVO ne collecte aucune donn\u00e9e personnelle via le site web de HAVO, sauf si vous mettez express\u00e9ment ces donn\u00e9es \u00e0 la disposition de HAVO Group AG au moyen d'un formulaire ou d'une autre mani\u00e8re. Dans ces cas, HAVO peut utiliser vos informations personnelles pour commercialiser des produits et services qui pourraient vous int\u00e9resser du point de vue de HAVO. <\/p>\t\t\t\t\t\t\t\t<\/div>\n\t\t\t\t<\/div>\n\t\t\t\t<div class=\"elementor-element elementor-element-5c88765 elementor-widget elementor-widget-heading\" data-id=\"5c88765\" data-element_type=\"widget\" data-e-type=\"widget\" data-widget_type=\"heading.default\">\n\t\t\t\t<div class=\"elementor-widget-container\">\n\t\t\t\t\t<h3 class=\"elementor-heading-title elementor-size-default\">Utilisation de Google Analytics<\/h3>\t\t\t\t<\/div>\n\t\t\t\t<\/div>\n\t\t\t\t<div class=\"elementor-element elementor-element-38fea5c elementor-widget elementor-widget-text-editor\" data-id=\"38fea5c\" data-element_type=\"widget\" data-e-type=\"widget\" data-widget_type=\"text-editor.default\">\n\t\t\t\t<div class=\"elementor-widget-container\">\n\t\t\t\t\t\t\t\t\t<div class=\"container\"><div class=\"row\"><div id=\"mainContent\" class=\"col-sm-12 col-md-8\"><div class=\"pimcore_area_wysiwyg pimcore_area_content \"><article id=\"ce1\" class=\"contentElement clearfix \"><p>Le site web de HAVO utilise Google Analytics, un service d'analyse web de Google Inc., afin de permettre une analyse de l'utilisation du site web. Les informations g\u00e9n\u00e9r\u00e9es par l'utilisation de Google Analytics concernant votre utilisation de ce site web sont transmises \u00e0 un serveur de Google Inc. aux \u00c9tats-Unis et y sont stock\u00e9es. Google utilisera ces informations uniquement pour analyser l'utilisation du site web en cr\u00e9ant des \u00e9valuations et des graphiques anonymis\u00e9s sur le nombre de visites, le nombre de pages consult\u00e9es par utilisateur, etc.<\/p><p>HAVO utilise ces donn\u00e9es exclusivement \u00e0 des fins d'\u00e9tude de march\u00e9 et surtout d'optimisation et de conception du site web de HAVO en fonction des besoins. De telles informations ne permettent pas de tirer des conclusions sur les diff\u00e9rents utilisateurs, c'est pourquoi il ne s'agit pas de donn\u00e9es personnelles relevant de la loi sur la protection des donn\u00e9es. Vous trouverez plus d'informations sur la technologie utilis\u00e9e par Google <a title=\"Google\" href=\"https:\/\/www.google.com\/intl\/de_ch\/analytics\/\" target=\"_blank\" rel=\"noopener noreferrer nofollow\">ici<\/a>.  <\/p><\/article><\/div><\/div><\/div><\/div>\t\t\t\t\t\t\t\t<\/div>\n\t\t\t\t<\/div>\n\t\t\t\t<div class=\"elementor-element elementor-element-3f06e5f elementor-widget elementor-widget-heading\" data-id=\"3f06e5f\" data-element_type=\"widget\" data-e-type=\"widget\" data-widget_type=\"heading.default\">\n\t\t\t\t<div class=\"elementor-widget-container\">\n\t\t\t\t\t<h3 class=\"elementor-heading-title elementor-size-default\">Liens vers d'autres sites web<\/h3>\t\t\t\t<\/div>\n\t\t\t\t<\/div>\n\t\t\t\t<div class=\"elementor-element elementor-element-d5f955f elementor-widget elementor-widget-text-editor\" data-id=\"d5f955f\" data-element_type=\"widget\" data-e-type=\"widget\" data-widget_type=\"text-editor.default\">\n\t\t\t\t<div class=\"elementor-widget-container\">\n\t\t\t\t\t\t\t\t\t<div class=\"container\"><div class=\"row\"><div id=\"mainContent\" class=\"col-sm-12 col-md-8\"><div class=\"pimcore_area_wysiwyg pimcore_area_content \"><article id=\"ce1\" class=\"contentElement clearfix \"><div class=\"container\"><div class=\"row\"><div id=\"mainContent\" class=\"col-sm-12 col-md-8\"><div class=\"pimcore_area_wysiwyg pimcore_area_content \"><article id=\"ce1\" class=\"contentElement clearfix \"><p>Les liens externes ne sont pas sp\u00e9cialement identifi\u00e9s dans la pr\u00e9sence Internet de HAVO. Ces sites web \u00ab&nbsp;li\u00e9s&nbsp;\u00bb au site web de HAVO ou les sites web qui proposent des liens vers le site web de HAVO sont enti\u00e8rement soustraits \u00e0 l'influence de HAVO, c'est pourquoi HAVO n'assume aucune responsabilit\u00e9 quant \u00e0 l'exactitude, l'exhaustivit\u00e9 et la l\u00e9galit\u00e9 du contenu de ces sites web ainsi que pour les offres et services qui y sont \u00e9ventuellement contenus. L'\u00e9tablissement de connexions vers ces sites web se fait \u00e0 vos propres risques.<\/p><\/article><\/div><\/div><\/div><\/div><\/article><\/div><\/div><\/div><\/div>\t\t\t\t\t\t\t\t<\/div>\n\t\t\t\t<\/div>\n\t\t\t\t<\/div>\n\t\t\t\t\t<\/div>\n\t\t\t\t<\/div>\n\t\t\t\t<\/div>\n\t\t","protected":false},"excerpt":{"rendered":"<p>Introduction Par souci de simplicit\u00e9, \u00ab&nbsp;HAVO Group AG&nbsp;\u00bb est abr\u00e9g\u00e9 en \u00ab&nbsp;HAVO&nbsp;\u00bb. En acc\u00e9dant \u00e0 ce site web et \u00e0 ses pages, ainsi qu'aux produits, services, informations et documents qu'il contient ou d\u00e9crit (ci-apr\u00e8s les \u00e9l\u00e9ments), vous d\u00e9clarez avoir compris et accepter les conditions d'utilisation suivantes. Copyright Tous les \u00e9l\u00e9ments du site web de HAVO [&hellip;]<\/p>\n","protected":false},"author":1,"featured_media":0,"parent":0,"menu_order":603,"comment_status":"closed","ping_status":"closed","template":"","meta":{"_acf_changed":false,"footnotes":""},"class_list":["post-3097","page","type-page","status-publish","hentry"],"acf":[],"yoast_head":"<!-- This site is optimized with the Yoast SEO plugin v27.3 - https:\/\/yoast.com\/product\/yoast-seo-wordpress\/ -->\n<title>Conditions d&#039;utilisation &#8211; HAVO Group AG<\/title>\n<meta name=\"robots\" content=\"index, follow, max-snippet:-1, max-image-preview:large, max-video-preview:-1\" \/>\n<link rel=\"canonical\" href=\"https:\/\/havo.ch\/fr\/conditions-dutilisation\/\" \/>\n<meta property=\"og:locale\" content=\"fr_FR\" \/>\n<meta property=\"og:type\" content=\"article\" \/>\n<meta property=\"og:title\" content=\"Conditions d&#039;utilisation &#8211; HAVO Group AG\" \/>\n<meta property=\"og:description\" content=\"Introduction Par souci de simplicit\u00e9, \u00ab&nbsp;HAVO Group AG&nbsp;\u00bb est abr\u00e9g\u00e9 en \u00ab&nbsp;HAVO&nbsp;\u00bb. En acc\u00e9dant \u00e0 ce site web et \u00e0 ses pages, ainsi qu&#039;aux produits, services, informations et documents qu&#039;il contient ou d\u00e9crit (ci-apr\u00e8s les \u00e9l\u00e9ments), vous d\u00e9clarez avoir compris et accepter les conditions d&#039;utilisation suivantes. Copyright Tous les \u00e9l\u00e9ments du site web de HAVO [&hellip;]\" \/>\n<meta property=\"og:url\" content=\"https:\/\/havo.ch\/fr\/conditions-dutilisation\/\" \/>\n<meta property=\"og:site_name\" content=\"HAVO Group AG\" \/>\n<meta property=\"article:publisher\" content=\"https:\/\/www.facebook.com\/havogroupag\" \/>\n<meta property=\"article:modified_time\" content=\"2025-11-11T14:06:05+00:00\" \/>\n<meta property=\"og:image\" content=\"https:\/\/havo.ch\/wp-content\/uploads\/2025\/06\/Slider_Igeho2023_1.ce94afaf.jpg\" \/>\n\t<meta property=\"og:image:width\" content=\"1140\" \/>\n\t<meta property=\"og:image:height\" content=\"467\" \/>\n\t<meta property=\"og:image:type\" content=\"image\/jpeg\" \/>\n<meta name=\"twitter:card\" content=\"summary_large_image\" \/>\n<meta name=\"twitter:label1\" content=\"Dur\u00e9e de lecture estim\u00e9e\" \/>\n\t<meta name=\"twitter:data1\" content=\"5 minutes\" \/>\n<script type=\"application\/ld+json\" class=\"yoast-schema-graph\">{\"@context\":\"https:\\\/\\\/schema.org\",\"@graph\":[{\"@type\":\"WebPage\",\"@id\":\"https:\\\/\\\/havo.ch\\\/fr\\\/conditions-dutilisation\\\/\",\"url\":\"https:\\\/\\\/havo.ch\\\/fr\\\/conditions-dutilisation\\\/\",\"name\":\"Conditions d'utilisation &#8211; HAVO Group AG\",\"isPartOf\":{\"@id\":\"https:\\\/\\\/havo.ch\\\/fr\\\/#website\"},\"datePublished\":\"2025-10-02T08:47:34+00:00\",\"dateModified\":\"2025-11-11T14:06:05+00:00\",\"breadcrumb\":{\"@id\":\"https:\\\/\\\/havo.ch\\\/fr\\\/conditions-dutilisation\\\/#breadcrumb\"},\"inLanguage\":\"fr-FR\",\"potentialAction\":[{\"@type\":\"ReadAction\",\"target\":[\"https:\\\/\\\/havo.ch\\\/fr\\\/conditions-dutilisation\\\/\"]}]},{\"@type\":\"BreadcrumbList\",\"@id\":\"https:\\\/\\\/havo.ch\\\/fr\\\/conditions-dutilisation\\\/#breadcrumb\",\"itemListElement\":[{\"@type\":\"ListItem\",\"position\":1,\"name\":\"Startseite\",\"item\":\"https:\\\/\\\/havo.ch\\\/fr\\\/\"},{\"@type\":\"ListItem\",\"position\":2,\"name\":\"Conditions d'utilisation\"}]},{\"@type\":\"WebSite\",\"@id\":\"https:\\\/\\\/havo.ch\\\/fr\\\/#website\",\"url\":\"https:\\\/\\\/havo.ch\\\/fr\\\/\",\"name\":\"HAVO Group AG\",\"description\":\"Solutions de r\u00e9frig\u00e9ration pr\u00eates \u00e0 brancher pour l'univers de la fra\u00eecheur suisse.\",\"publisher\":{\"@id\":\"https:\\\/\\\/havo.ch\\\/fr\\\/#organization\"},\"alternateName\":\"HAVO Group AG\",\"potentialAction\":[{\"@type\":\"SearchAction\",\"target\":{\"@type\":\"EntryPoint\",\"urlTemplate\":\"https:\\\/\\\/havo.ch\\\/fr\\\/?s={search_term_string}\"},\"query-input\":{\"@type\":\"PropertyValueSpecification\",\"valueRequired\":true,\"valueName\":\"search_term_string\"}}],\"inLanguage\":\"fr-FR\"},{\"@type\":\"Organization\",\"@id\":\"https:\\\/\\\/havo.ch\\\/fr\\\/#organization\",\"name\":\"HAVO Group AG\",\"alternateName\":\"HAVO Group AG\",\"url\":\"https:\\\/\\\/havo.ch\\\/fr\\\/\",\"logo\":{\"@type\":\"ImageObject\",\"inLanguage\":\"fr-FR\",\"@id\":\"https:\\\/\\\/havo.ch\\\/fr\\\/#\\\/schema\\\/logo\\\/image\\\/\",\"url\":\"https:\\\/\\\/havo.ch\\\/wp-content\\\/uploads\\\/2025\\\/10\\\/HAVO-Group-AG-Logo-farbig.svg\",\"contentUrl\":\"https:\\\/\\\/havo.ch\\\/wp-content\\\/uploads\\\/2025\\\/10\\\/HAVO-Group-AG-Logo-farbig.svg\",\"width\":793,\"height\":122,\"caption\":\"HAVO Group AG\"},\"image\":{\"@id\":\"https:\\\/\\\/havo.ch\\\/fr\\\/#\\\/schema\\\/logo\\\/image\\\/\"},\"sameAs\":[\"https:\\\/\\\/www.facebook.com\\\/havogroupag\",\"https:\\\/\\\/www.instagram.com\\\/havogroupag\\\/\",\"https:\\\/\\\/www.linkedin.com\\\/company\\\/havo-group-ag\\\/\",\"https:\\\/\\\/www.youtube.com\\\/@havogroupag6623\",\"https:\\\/\\\/www.tiktok.com\\\/@havogroupag\"]}]}<\/script>\n<!-- \/ Yoast SEO plugin. -->","yoast_head_json":{"title":"Conditions d'utilisation &#8211; HAVO Group AG","robots":{"index":"index","follow":"follow","max-snippet":"max-snippet:-1","max-image-preview":"max-image-preview:large","max-video-preview":"max-video-preview:-1"},"canonical":"https:\/\/havo.ch\/fr\/conditions-dutilisation\/","og_locale":"fr_FR","og_type":"article","og_title":"Conditions d'utilisation &#8211; HAVO Group AG","og_description":"Introduction Par souci de simplicit\u00e9, \u00ab&nbsp;HAVO Group AG&nbsp;\u00bb est abr\u00e9g\u00e9 en \u00ab&nbsp;HAVO&nbsp;\u00bb. En acc\u00e9dant \u00e0 ce site web et \u00e0 ses pages, ainsi qu'aux produits, services, informations et documents qu'il contient ou d\u00e9crit (ci-apr\u00e8s les \u00e9l\u00e9ments), vous d\u00e9clarez avoir compris et accepter les conditions d'utilisation suivantes. Copyright Tous les \u00e9l\u00e9ments du site web de HAVO [&hellip;]","og_url":"https:\/\/havo.ch\/fr\/conditions-dutilisation\/","og_site_name":"HAVO Group AG","article_publisher":"https:\/\/www.facebook.com\/havogroupag","article_modified_time":"2025-11-11T14:06:05+00:00","og_image":[{"width":1140,"height":467,"url":"https:\/\/havo.ch\/wp-content\/uploads\/2025\/06\/Slider_Igeho2023_1.ce94afaf.jpg","type":"image\/jpeg"}],"twitter_card":"summary_large_image","twitter_misc":{"Dur\u00e9e de lecture estim\u00e9e":"5 minutes"},"schema":{"@context":"https:\/\/schema.org","@graph":[{"@type":"WebPage","@id":"https:\/\/havo.ch\/fr\/conditions-dutilisation\/","url":"https:\/\/havo.ch\/fr\/conditions-dutilisation\/","name":"Conditions d'utilisation &#8211; HAVO Group AG","isPartOf":{"@id":"https:\/\/havo.ch\/fr\/#website"},"datePublished":"2025-10-02T08:47:34+00:00","dateModified":"2025-11-11T14:06:05+00:00","breadcrumb":{"@id":"https:\/\/havo.ch\/fr\/conditions-dutilisation\/#breadcrumb"},"inLanguage":"fr-FR","potentialAction":[{"@type":"ReadAction","target":["https:\/\/havo.ch\/fr\/conditions-dutilisation\/"]}]},{"@type":"BreadcrumbList","@id":"https:\/\/havo.ch\/fr\/conditions-dutilisation\/#breadcrumb","itemListElement":[{"@type":"ListItem","position":1,"name":"Startseite","item":"https:\/\/havo.ch\/fr\/"},{"@type":"ListItem","position":2,"name":"Conditions d'utilisation"}]},{"@type":"WebSite","@id":"https:\/\/havo.ch\/fr\/#website","url":"https:\/\/havo.ch\/fr\/","name":"HAVO Group AG","description":"Solutions de r\u00e9frig\u00e9ration pr\u00eates \u00e0 brancher pour l'univers de la fra\u00eecheur suisse.","publisher":{"@id":"https:\/\/havo.ch\/fr\/#organization"},"alternateName":"HAVO Group AG","potentialAction":[{"@type":"SearchAction","target":{"@type":"EntryPoint","urlTemplate":"https:\/\/havo.ch\/fr\/?s={search_term_string}"},"query-input":{"@type":"PropertyValueSpecification","valueRequired":true,"valueName":"search_term_string"}}],"inLanguage":"fr-FR"},{"@type":"Organization","@id":"https:\/\/havo.ch\/fr\/#organization","name":"HAVO Group AG","alternateName":"HAVO Group AG","url":"https:\/\/havo.ch\/fr\/","logo":{"@type":"ImageObject","inLanguage":"fr-FR","@id":"https:\/\/havo.ch\/fr\/#\/schema\/logo\/image\/","url":"https:\/\/havo.ch\/wp-content\/uploads\/2025\/10\/HAVO-Group-AG-Logo-farbig.svg","contentUrl":"https:\/\/havo.ch\/wp-content\/uploads\/2025\/10\/HAVO-Group-AG-Logo-farbig.svg","width":793,"height":122,"caption":"HAVO Group AG"},"image":{"@id":"https:\/\/havo.ch\/fr\/#\/schema\/logo\/image\/"},"sameAs":["https:\/\/www.facebook.com\/havogroupag","https:\/\/www.instagram.com\/havogroupag\/","https:\/\/www.linkedin.com\/company\/havo-group-ag\/","https:\/\/www.youtube.com\/@havogroupag6623","https:\/\/www.tiktok.com\/@havogroupag"]}]}},"publishpress_future_action":{"enabled":false,"date":"2026-05-08 15:07:30","action":"change-status","newStatus":"draft","terms":[],"taxonomy":"translation_priority","extraData":[]},"publishpress_future_workflow_manual_trigger":{"enabledWorkflows":[]},"_links":{"self":[{"href":"https:\/\/havo.ch\/fr\/wp-json\/wp\/v2\/pages\/3097","targetHints":{"allow":["GET"]}}],"collection":[{"href":"https:\/\/havo.ch\/fr\/wp-json\/wp\/v2\/pages"}],"about":[{"href":"https:\/\/havo.ch\/fr\/wp-json\/wp\/v2\/types\/page"}],"author":[{"embeddable":true,"href":"https:\/\/havo.ch\/fr\/wp-json\/wp\/v2\/users\/1"}],"replies":[{"embeddable":true,"href":"https:\/\/havo.ch\/fr\/wp-json\/wp\/v2\/comments?post=3097"}],"version-history":[{"count":2,"href":"https:\/\/havo.ch\/fr\/wp-json\/wp\/v2\/pages\/3097\/revisions"}],"predecessor-version":[{"id":3898,"href":"https:\/\/havo.ch\/fr\/wp-json\/wp\/v2\/pages\/3097\/revisions\/3898"}],"wp:attachment":[{"href":"https:\/\/havo.ch\/fr\/wp-json\/wp\/v2\/media?parent=3097"}],"curies":[{"name":"wp","href":"https:\/\/api.w.org\/{rel}","templated":true}]}}