{"id":3155,"date":"2025-07-03T09:38:58","date_gmt":"2025-07-03T07:38:58","guid":{"rendered":"https:\/\/havo.ch\/acces-et-livraison\/"},"modified":"2025-11-11T16:11:21","modified_gmt":"2025-11-11T15:11:21","slug":"acces-et-livraison","status":"publish","type":"page","link":"https:\/\/havo.ch\/fr\/a-propos-de-nous\/acces-et-livraison\/","title":{"rendered":"Acc\u00e8s et livraison"},"content":{"rendered":"\t\t<div data-elementor-type=\"wp-page\" data-elementor-id=\"3155\" class=\"elementor elementor-3155 elementor-492\" data-elementor-post-type=\"page\">\n\t\t\t\t<div class=\"elementor-element elementor-element-0d36dc2 e-flex e-con-boxed e-con e-parent\" data-id=\"0d36dc2\" data-element_type=\"container\" data-e-type=\"container\" data-settings=\"{&quot;background_background&quot;:&quot;classic&quot;}\">\n\t\t\t\t\t<div class=\"e-con-inner\">\n\t\t\t\t<div class=\"elementor-element elementor-element-08ff6e4 elementor-widget__width-inherit elementor-widget elementor-widget-heading\" data-id=\"08ff6e4\" data-element_type=\"widget\" data-e-type=\"widget\" data-widget_type=\"heading.default\">\n\t\t\t\t<div class=\"elementor-widget-container\">\n\t\t\t\t\t<h2 class=\"elementor-heading-title elementor-size-default\">Acc\u00e8s en voiture<\/h2>\t\t\t\t<\/div>\n\t\t\t\t<\/div>\n\t\t\t\t<div class=\"elementor-element elementor-element-6ee85e6 elementor-widget elementor-widget-text-editor\" data-id=\"6ee85e6\" data-element_type=\"widget\" data-e-type=\"widget\" data-widget_type=\"text-editor.default\">\n\t\t\t\t<div class=\"elementor-widget-container\">\n\t\t\t\t\t\t\t\t\t<p>Nous sommes situ\u00e9s sur le site de la Weberei, Weberstrasse 11, \u00e0 4663 Aarburg. Gr\u00e2ce \u00e0 cette situation centrale, nous sommes facilement accessibles en voiture depuis B\u00e2le, Berne et Zurich en 40 \u00e0 60 minutes. <\/p>\n<p>Un nombre suffisant de places de parking visiteurs sont disponibles sur notre site.<\/p>\t\t\t\t\t\t\t\t<\/div>\n\t\t\t\t<\/div>\n\t\t\t\t\t<\/div>\n\t\t\t\t<\/div>\n\t\t<div class=\"elementor-element elementor-element-15a3716 e-flex e-con-boxed e-con e-parent\" data-id=\"15a3716\" data-element_type=\"container\" data-e-type=\"container\" data-settings=\"{&quot;background_background&quot;:&quot;classic&quot;}\">\n\t\t\t\t\t<div class=\"e-con-inner\">\n\t\t\t\t<div class=\"elementor-element elementor-element-a24a1db elementor-widget elementor-widget-heading\" data-id=\"a24a1db\" data-element_type=\"widget\" data-e-type=\"widget\" data-widget_type=\"heading.default\">\n\t\t\t\t<div class=\"elementor-widget-container\">\n\t\t\t\t\t<h2 class=\"elementor-heading-title elementor-size-default\">Livraison par transporteurs<\/h2>\t\t\t\t<\/div>\n\t\t\t\t<\/div>\n\t\t\t\t<div class=\"elementor-element elementor-element-3dd7714 elementor-widget elementor-widget-text-editor\" data-id=\"3dd7714\" data-element_type=\"widget\" data-e-type=\"widget\" data-widget_type=\"text-editor.default\">\n\t\t\t\t<div class=\"elementor-widget-container\">\n\t\t\t\t\t\t\t\t\t<p>Pour une livraison sans probl\u00e8me par camion, des rampes de d\u00e9chargement modernes sont \u00e0 votre disposition sur notre site. Les marchandises peuvent ainsi \u00eatre d\u00e9charg\u00e9es rapidement et en toute s\u00e9curit\u00e9, que votre v\u00e9hicule dispose ou non de sa propre rampe. <\/p><p>Veuillez noter :<br>Avant de commencer le d\u00e9chargement, il convient de convenir avec notre \u00e9quipe de la rampe de d\u00e9chargement \u00e0 utiliser. Ceci garantit un d\u00e9roulement coordonn\u00e9 sans retards. <\/p><p>Lors de la livraison de conteneurs, nous demandons aux chauffeurs de reculer sur le site afin de permettre un d\u00e9chargement s\u00fbr et efficace.<\/p><p>Nous vous prions \u00e9galement de nous informer \u00e0 l'avance de la livraison pr\u00e9vue. Nous pouvons ainsi mettre \u00e0 disposition \u00e0 temps les ressources n\u00e9cessaires pour un d\u00e9chargement rapide et sans probl\u00e8me. <\/p>\t\t\t\t\t\t\t\t<\/div>\n\t\t\t\t<\/div>\n\t\t\t\t<div class=\"elementor-element elementor-element-d8be234 elementor-widget elementor-widget-button\" data-id=\"d8be234\" data-element_type=\"widget\" data-e-type=\"widget\" data-widget_type=\"button.default\">\n\t\t\t\t<div class=\"elementor-widget-container\">\n\t\t\t\t\t\t\t\t\t<div class=\"elementor-button-wrapper\">\n\t\t\t\t\t<a class=\"elementor-button elementor-button-link elementor-size-sm\" href=\"https:\/\/havo.ch\/fr\/a-propos-de-nous\/contact\/\">\n\t\t\t\t\t\t<span class=\"elementor-button-content-wrapper\">\n\t\t\t\t\t\t\t\t\t<span class=\"elementor-button-text\">Contact<\/span>\n\t\t\t\t\t<\/span>\n\t\t\t\t\t<\/a>\n\t\t\t\t<\/div>\n\t\t\t\t\t\t\t\t<\/div>\n\t\t\t\t<\/div>\n\t\t\t\t\t<\/div>\n\t\t\t\t<\/div>\n\t\t<div class=\"elementor-element elementor-element-1a24aa0 e-flex e-con-boxed e-con e-parent\" data-id=\"1a24aa0\" data-element_type=\"container\" data-e-type=\"container\" data-settings=\"{&quot;background_background&quot;:&quot;classic&quot;}\">\n\t\t\t\t\t<div class=\"e-con-inner\">\n\t\t<div class=\"elementor-element elementor-element-2619133 e-con-full e-flex e-con e-child\" data-id=\"2619133\" data-element_type=\"container\" data-e-type=\"container\">\n\t\t\t\t<div class=\"elementor-element elementor-element-fb77af8 elementor-widget elementor-widget-heading\" data-id=\"fb77af8\" data-element_type=\"widget\" data-e-type=\"widget\" data-widget_type=\"heading.default\">\n\t\t\t\t<div class=\"elementor-widget-container\">\n\t\t\t\t\t<h2 class=\"elementor-heading-title elementor-size-default\">Vous nous trouverez ici<\/h2>\t\t\t\t<\/div>\n\t\t\t\t<\/div>\n\t\t\t\t<div class=\"elementor-element elementor-element-1675a2e elementor-widget elementor-widget-google_maps\" data-id=\"1675a2e\" data-element_type=\"widget\" data-e-type=\"widget\" data-widget_type=\"google_maps.default\">\n\t\t\t\t<div class=\"elementor-widget-container\">\n\t\t\t\t\t\t\t<div class=\"elementor-custom-embed\">\n\t\t\t<iframe loading=\"lazy\"\n\t\t\t\t\tsrc=\"https:\/\/maps.google.com\/maps?q=HAVO%20Group%20AG%2C%20Weberstrasse%2011%2C%20CH-4663%20Aarburg&#038;t=m&#038;z=16&#038;output=embed&#038;iwloc=near\"\n\t\t\t\t\ttitle=\"HAVO Group AG, Weberstrasse 11, CH-4663 Aarburg\"\n\t\t\t\t\taria-label=\"HAVO Group AG, Weberstrasse 11, CH-4663 Aarburg\"\n\t\t\t><\/iframe>\n\t\t<\/div>\n\t\t\t\t\t\t<\/div>\n\t\t\t\t<\/div>\n\t\t\t\t<\/div>\n\t\t\t\t\t<\/div>\n\t\t\t\t<\/div>\n\t\t\t\t<\/div>\n\t\t","protected":false},"excerpt":{"rendered":"<p>Acc\u00e8s en voiture Nous sommes situ\u00e9s sur le site de la Weberei, Weberstrasse 11, \u00e0 4663 Aarburg. Gr\u00e2ce \u00e0 cette situation centrale, nous sommes facilement accessibles en voiture depuis B\u00e2le, Berne et Zurich en 40 \u00e0 60 minutes. Un nombre suffisant de places de parking visiteurs sont disponibles sur notre site. Livraison par transporteurs Pour [&hellip;]<\/p>\n","protected":false},"author":1,"featured_media":3157,"parent":3178,"menu_order":3,"comment_status":"closed","ping_status":"closed","template":"","meta":{"_acf_changed":false,"footnotes":""},"class_list":["post-3155","page","type-page","status-publish","has-post-thumbnail","hentry"],"acf":[],"yoast_head":"<!-- This site is optimized with the Yoast SEO plugin v27.3 - https:\/\/yoast.com\/product\/yoast-seo-wordpress\/ -->\n<title>Acc\u00e8s et livraison &#8211; HAVO Group AG<\/title>\n<meta name=\"robots\" content=\"index, follow, max-snippet:-1, max-image-preview:large, max-video-preview:-1\" \/>\n<link rel=\"canonical\" href=\"https:\/\/havo.ch\/fr\/a-propos-de-nous\/acces-et-livraison\/\" \/>\n<meta property=\"og:locale\" content=\"fr_FR\" \/>\n<meta property=\"og:type\" content=\"article\" \/>\n<meta property=\"og:title\" content=\"Acc\u00e8s et livraison &#8211; HAVO Group AG\" \/>\n<meta property=\"og:description\" content=\"Acc\u00e8s en voiture Nous sommes situ\u00e9s sur le site de la Weberei, Weberstrasse 11, \u00e0 4663 Aarburg. Gr\u00e2ce \u00e0 cette situation centrale, nous sommes facilement accessibles en voiture depuis B\u00e2le, Berne et Zurich en 40 \u00e0 60 minutes. Un nombre suffisant de places de parking visiteurs sont disponibles sur notre site. Livraison par transporteurs Pour [&hellip;]\" \/>\n<meta property=\"og:url\" content=\"https:\/\/havo.ch\/fr\/a-propos-de-nous\/acces-et-livraison\/\" \/>\n<meta property=\"og:site_name\" content=\"HAVO Group AG\" \/>\n<meta property=\"article:publisher\" content=\"https:\/\/www.facebook.com\/havogroupag\" \/>\n<meta property=\"article:modified_time\" content=\"2025-11-11T15:11:21+00:00\" \/>\n<meta property=\"og:image\" content=\"https:\/\/havo.ch\/wp-content\/uploads\/2025\/10\/Anfahrt-Anlieferung-HAVO-Group.jpg\" \/>\n\t<meta property=\"og:image:width\" content=\"1200\" \/>\n\t<meta property=\"og:image:height\" content=\"800\" \/>\n\t<meta property=\"og:image:type\" content=\"image\/jpeg\" \/>\n<meta name=\"twitter:card\" content=\"summary_large_image\" \/>\n<meta name=\"twitter:label1\" content=\"Dur\u00e9e de lecture estim\u00e9e\" \/>\n\t<meta name=\"twitter:data1\" content=\"1 minute\" \/>\n<script type=\"application\/ld+json\" class=\"yoast-schema-graph\">{\"@context\":\"https:\\\/\\\/schema.org\",\"@graph\":[{\"@type\":\"WebPage\",\"@id\":\"https:\\\/\\\/havo.ch\\\/fr\\\/a-propos-de-nous\\\/acces-et-livraison\\\/\",\"url\":\"https:\\\/\\\/havo.ch\\\/fr\\\/a-propos-de-nous\\\/acces-et-livraison\\\/\",\"name\":\"Acc\u00e8s et livraison &#8211; HAVO Group AG\",\"isPartOf\":{\"@id\":\"https:\\\/\\\/havo.ch\\\/fr\\\/#website\"},\"primaryImageOfPage\":{\"@id\":\"https:\\\/\\\/havo.ch\\\/fr\\\/a-propos-de-nous\\\/acces-et-livraison\\\/#primaryimage\"},\"image\":{\"@id\":\"https:\\\/\\\/havo.ch\\\/fr\\\/a-propos-de-nous\\\/acces-et-livraison\\\/#primaryimage\"},\"thumbnailUrl\":\"https:\\\/\\\/havo.ch\\\/wp-content\\\/uploads\\\/2025\\\/10\\\/Anfahrt-Anlieferung-HAVO-Group.jpg\",\"datePublished\":\"2025-07-03T07:38:58+00:00\",\"dateModified\":\"2025-11-11T15:11:21+00:00\",\"breadcrumb\":{\"@id\":\"https:\\\/\\\/havo.ch\\\/fr\\\/a-propos-de-nous\\\/acces-et-livraison\\\/#breadcrumb\"},\"inLanguage\":\"fr-FR\",\"potentialAction\":[{\"@type\":\"ReadAction\",\"target\":[\"https:\\\/\\\/havo.ch\\\/fr\\\/a-propos-de-nous\\\/acces-et-livraison\\\/\"]}]},{\"@type\":\"ImageObject\",\"inLanguage\":\"fr-FR\",\"@id\":\"https:\\\/\\\/havo.ch\\\/fr\\\/a-propos-de-nous\\\/acces-et-livraison\\\/#primaryimage\",\"url\":\"https:\\\/\\\/havo.ch\\\/wp-content\\\/uploads\\\/2025\\\/10\\\/Anfahrt-Anlieferung-HAVO-Group.jpg\",\"contentUrl\":\"https:\\\/\\\/havo.ch\\\/wp-content\\\/uploads\\\/2025\\\/10\\\/Anfahrt-Anlieferung-HAVO-Group.jpg\",\"width\":1200,\"height\":800},{\"@type\":\"BreadcrumbList\",\"@id\":\"https:\\\/\\\/havo.ch\\\/fr\\\/a-propos-de-nous\\\/acces-et-livraison\\\/#breadcrumb\",\"itemListElement\":[{\"@type\":\"ListItem\",\"position\":1,\"name\":\"Startseite\",\"item\":\"https:\\\/\\\/havo.ch\\\/fr\\\/\"},{\"@type\":\"ListItem\",\"position\":2,\"name\":\"\u00c0 propos de nous\",\"item\":\"https:\\\/\\\/havo.ch\\\/fr\\\/ueber-uns\\\/\"},{\"@type\":\"ListItem\",\"position\":3,\"name\":\"Acc\u00e8s et livraison\"}]},{\"@type\":\"WebSite\",\"@id\":\"https:\\\/\\\/havo.ch\\\/fr\\\/#website\",\"url\":\"https:\\\/\\\/havo.ch\\\/fr\\\/\",\"name\":\"HAVO Group AG\",\"description\":\"Solutions de r\u00e9frig\u00e9ration pr\u00eates \u00e0 brancher pour l'univers de la fra\u00eecheur suisse.\",\"publisher\":{\"@id\":\"https:\\\/\\\/havo.ch\\\/fr\\\/#organization\"},\"alternateName\":\"HAVO Group AG\",\"potentialAction\":[{\"@type\":\"SearchAction\",\"target\":{\"@type\":\"EntryPoint\",\"urlTemplate\":\"https:\\\/\\\/havo.ch\\\/fr\\\/?s={search_term_string}\"},\"query-input\":{\"@type\":\"PropertyValueSpecification\",\"valueRequired\":true,\"valueName\":\"search_term_string\"}}],\"inLanguage\":\"fr-FR\"},{\"@type\":\"Organization\",\"@id\":\"https:\\\/\\\/havo.ch\\\/fr\\\/#organization\",\"name\":\"HAVO Group AG\",\"alternateName\":\"HAVO Group AG\",\"url\":\"https:\\\/\\\/havo.ch\\\/fr\\\/\",\"logo\":{\"@type\":\"ImageObject\",\"inLanguage\":\"fr-FR\",\"@id\":\"https:\\\/\\\/havo.ch\\\/fr\\\/#\\\/schema\\\/logo\\\/image\\\/\",\"url\":\"https:\\\/\\\/havo.ch\\\/wp-content\\\/uploads\\\/2025\\\/10\\\/HAVO-Group-AG-Logo-farbig.svg\",\"contentUrl\":\"https:\\\/\\\/havo.ch\\\/wp-content\\\/uploads\\\/2025\\\/10\\\/HAVO-Group-AG-Logo-farbig.svg\",\"width\":793,\"height\":122,\"caption\":\"HAVO Group AG\"},\"image\":{\"@id\":\"https:\\\/\\\/havo.ch\\\/fr\\\/#\\\/schema\\\/logo\\\/image\\\/\"},\"sameAs\":[\"https:\\\/\\\/www.facebook.com\\\/havogroupag\",\"https:\\\/\\\/www.instagram.com\\\/havogroupag\\\/\",\"https:\\\/\\\/www.linkedin.com\\\/company\\\/havo-group-ag\\\/\",\"https:\\\/\\\/www.youtube.com\\\/@havogroupag6623\",\"https:\\\/\\\/www.tiktok.com\\\/@havogroupag\"]}]}<\/script>\n<!-- \/ Yoast SEO plugin. -->","yoast_head_json":{"title":"Acc\u00e8s et livraison &#8211; HAVO Group AG","robots":{"index":"index","follow":"follow","max-snippet":"max-snippet:-1","max-image-preview":"max-image-preview:large","max-video-preview":"max-video-preview:-1"},"canonical":"https:\/\/havo.ch\/fr\/a-propos-de-nous\/acces-et-livraison\/","og_locale":"fr_FR","og_type":"article","og_title":"Acc\u00e8s et livraison &#8211; HAVO Group AG","og_description":"Acc\u00e8s en voiture Nous sommes situ\u00e9s sur le site de la Weberei, Weberstrasse 11, \u00e0 4663 Aarburg. Gr\u00e2ce \u00e0 cette situation centrale, nous sommes facilement accessibles en voiture depuis B\u00e2le, Berne et Zurich en 40 \u00e0 60 minutes. Un nombre suffisant de places de parking visiteurs sont disponibles sur notre site. Livraison par transporteurs Pour [&hellip;]","og_url":"https:\/\/havo.ch\/fr\/a-propos-de-nous\/acces-et-livraison\/","og_site_name":"HAVO Group AG","article_publisher":"https:\/\/www.facebook.com\/havogroupag","article_modified_time":"2025-11-11T15:11:21+00:00","og_image":[{"width":1200,"height":800,"url":"https:\/\/havo.ch\/wp-content\/uploads\/2025\/10\/Anfahrt-Anlieferung-HAVO-Group.jpg","type":"image\/jpeg"}],"twitter_card":"summary_large_image","twitter_misc":{"Dur\u00e9e de lecture estim\u00e9e":"1 minute"},"schema":{"@context":"https:\/\/schema.org","@graph":[{"@type":"WebPage","@id":"https:\/\/havo.ch\/fr\/a-propos-de-nous\/acces-et-livraison\/","url":"https:\/\/havo.ch\/fr\/a-propos-de-nous\/acces-et-livraison\/","name":"Acc\u00e8s et livraison &#8211; HAVO Group AG","isPartOf":{"@id":"https:\/\/havo.ch\/fr\/#website"},"primaryImageOfPage":{"@id":"https:\/\/havo.ch\/fr\/a-propos-de-nous\/acces-et-livraison\/#primaryimage"},"image":{"@id":"https:\/\/havo.ch\/fr\/a-propos-de-nous\/acces-et-livraison\/#primaryimage"},"thumbnailUrl":"https:\/\/havo.ch\/wp-content\/uploads\/2025\/10\/Anfahrt-Anlieferung-HAVO-Group.jpg","datePublished":"2025-07-03T07:38:58+00:00","dateModified":"2025-11-11T15:11:21+00:00","breadcrumb":{"@id":"https:\/\/havo.ch\/fr\/a-propos-de-nous\/acces-et-livraison\/#breadcrumb"},"inLanguage":"fr-FR","potentialAction":[{"@type":"ReadAction","target":["https:\/\/havo.ch\/fr\/a-propos-de-nous\/acces-et-livraison\/"]}]},{"@type":"ImageObject","inLanguage":"fr-FR","@id":"https:\/\/havo.ch\/fr\/a-propos-de-nous\/acces-et-livraison\/#primaryimage","url":"https:\/\/havo.ch\/wp-content\/uploads\/2025\/10\/Anfahrt-Anlieferung-HAVO-Group.jpg","contentUrl":"https:\/\/havo.ch\/wp-content\/uploads\/2025\/10\/Anfahrt-Anlieferung-HAVO-Group.jpg","width":1200,"height":800},{"@type":"BreadcrumbList","@id":"https:\/\/havo.ch\/fr\/a-propos-de-nous\/acces-et-livraison\/#breadcrumb","itemListElement":[{"@type":"ListItem","position":1,"name":"Startseite","item":"https:\/\/havo.ch\/fr\/"},{"@type":"ListItem","position":2,"name":"\u00c0 propos de nous","item":"https:\/\/havo.ch\/fr\/ueber-uns\/"},{"@type":"ListItem","position":3,"name":"Acc\u00e8s et livraison"}]},{"@type":"WebSite","@id":"https:\/\/havo.ch\/fr\/#website","url":"https:\/\/havo.ch\/fr\/","name":"HAVO Group AG","description":"Solutions de r\u00e9frig\u00e9ration pr\u00eates \u00e0 brancher pour l'univers de la fra\u00eecheur suisse.","publisher":{"@id":"https:\/\/havo.ch\/fr\/#organization"},"alternateName":"HAVO Group AG","potentialAction":[{"@type":"SearchAction","target":{"@type":"EntryPoint","urlTemplate":"https:\/\/havo.ch\/fr\/?s={search_term_string}"},"query-input":{"@type":"PropertyValueSpecification","valueRequired":true,"valueName":"search_term_string"}}],"inLanguage":"fr-FR"},{"@type":"Organization","@id":"https:\/\/havo.ch\/fr\/#organization","name":"HAVO Group AG","alternateName":"HAVO Group AG","url":"https:\/\/havo.ch\/fr\/","logo":{"@type":"ImageObject","inLanguage":"fr-FR","@id":"https:\/\/havo.ch\/fr\/#\/schema\/logo\/image\/","url":"https:\/\/havo.ch\/wp-content\/uploads\/2025\/10\/HAVO-Group-AG-Logo-farbig.svg","contentUrl":"https:\/\/havo.ch\/wp-content\/uploads\/2025\/10\/HAVO-Group-AG-Logo-farbig.svg","width":793,"height":122,"caption":"HAVO Group AG"},"image":{"@id":"https:\/\/havo.ch\/fr\/#\/schema\/logo\/image\/"},"sameAs":["https:\/\/www.facebook.com\/havogroupag","https:\/\/www.instagram.com\/havogroupag\/","https:\/\/www.linkedin.com\/company\/havo-group-ag\/","https:\/\/www.youtube.com\/@havogroupag6623","https:\/\/www.tiktok.com\/@havogroupag"]}]}},"publishpress_future_action":{"enabled":false,"date":"2026-05-08 01:18:15","action":"change-status","newStatus":"draft","terms":[],"taxonomy":"translation_priority","extraData":[]},"publishpress_future_workflow_manual_trigger":{"enabledWorkflows":[]},"_links":{"self":[{"href":"https:\/\/havo.ch\/fr\/wp-json\/wp\/v2\/pages\/3155","targetHints":{"allow":["GET"]}}],"collection":[{"href":"https:\/\/havo.ch\/fr\/wp-json\/wp\/v2\/pages"}],"about":[{"href":"https:\/\/havo.ch\/fr\/wp-json\/wp\/v2\/types\/page"}],"author":[{"embeddable":true,"href":"https:\/\/havo.ch\/fr\/wp-json\/wp\/v2\/users\/1"}],"replies":[{"embeddable":true,"href":"https:\/\/havo.ch\/fr\/wp-json\/wp\/v2\/comments?post=3155"}],"version-history":[{"count":1,"href":"https:\/\/havo.ch\/fr\/wp-json\/wp\/v2\/pages\/3155\/revisions"}],"predecessor-version":[{"id":3964,"href":"https:\/\/havo.ch\/fr\/wp-json\/wp\/v2\/pages\/3155\/revisions\/3964"}],"up":[{"embeddable":true,"href":"https:\/\/havo.ch\/fr\/wp-json\/wp\/v2\/pages\/3178"}],"wp:featuredmedia":[{"embeddable":true,"href":"https:\/\/havo.ch\/fr\/wp-json\/wp\/v2\/media\/3157"}],"wp:attachment":[{"href":"https:\/\/havo.ch\/fr\/wp-json\/wp\/v2\/media?parent=3155"}],"curies":[{"name":"wp","href":"https:\/\/api.w.org\/{rel}","templated":true}]}}