{"id":3247,"date":"2025-07-02T11:42:22","date_gmt":"2025-07-02T09:42:22","guid":{"rendered":"https:\/\/havo.ch\/mentions-legales\/"},"modified":"2025-11-14T15:07:53","modified_gmt":"2025-11-14T14:07:53","slug":"mentions-legales","status":"publish","type":"page","link":"https:\/\/havo.ch\/fr\/mentions-legales\/","title":{"rendered":"Mentions l\u00e9gales"},"content":{"rendered":"\t\t<div data-elementor-type=\"wp-page\" data-elementor-id=\"3247\" class=\"elementor elementor-3247 elementor-317\" data-elementor-post-type=\"page\">\n\t\t\t\t<div class=\"elementor-element elementor-element-c442c63 e-flex e-con-boxed e-con e-parent\" data-id=\"c442c63\" data-element_type=\"container\" data-e-type=\"container\">\n\t\t\t\t\t<div class=\"e-con-inner\">\n\t\t<div class=\"elementor-element elementor-element-f3e03d1 e-con-full e-flex e-con e-child\" data-id=\"f3e03d1\" data-element_type=\"container\" data-e-type=\"container\">\n\t\t\t\t<div class=\"elementor-element elementor-element-4cb6123 elementor-widget elementor-widget-heading\" data-id=\"4cb6123\" data-element_type=\"widget\" data-e-type=\"widget\" data-widget_type=\"heading.default\">\n\t\t\t\t<div class=\"elementor-widget-container\">\n\t\t\t\t\t<h3 class=\"elementor-heading-title elementor-size-default\">Adresse de l'entreprise<\/h3>\t\t\t\t<\/div>\n\t\t\t\t<\/div>\n\t\t\t\t<div class=\"elementor-element elementor-element-b30c13a elementor-widget elementor-widget-text-editor\" data-id=\"b30c13a\" data-element_type=\"widget\" data-e-type=\"widget\" data-widget_type=\"text-editor.default\">\n\t\t\t\t<div class=\"elementor-widget-container\">\n\t\t\t\t\t\t\t\t\t<p><strong>Adresse op\u00e9rationnelle :<\/strong><\/p><p>HAVO Group AG<strong><br><\/strong>Weberstrasse 11<br>CH-4663 Aarburg<\/p><p><strong>Si\u00e8ge social :<\/strong><\/p><p>HAVO Group AG<br>Seestrasse 79<br>CH-6052 Hergiswil<\/p><p><strong>T\u00e9l\u00e9phone :<\/strong> <a href=\"tel:+41627877010\">+41 62 787 70 10<\/a><br><strong>E-mail :<\/strong> <a href=\"mailto:info@havo.ch\">info@havo.ch<\/a><\/p><p><strong>Num\u00e9ro d'entreprise :<\/strong> CHE-107.643.903<\/p><p><strong>Personne habilit\u00e9e \u00e0 repr\u00e9senter :<\/strong><\/p>\t\t\t\t\t\t\t\t<\/div>\n\t\t\t\t<\/div>\n\t\t\t\t<\/div>\n\t\t<div class=\"elementor-element elementor-element-27fa845 e-con-full e-flex e-con e-child\" data-id=\"27fa845\" data-element_type=\"container\" data-e-type=\"container\">\n\t\t\t\t<div class=\"elementor-element elementor-element-bb7cab7 elementor-widget elementor-widget-heading\" data-id=\"bb7cab7\" data-element_type=\"widget\" data-e-type=\"widget\" data-widget_type=\"heading.default\">\n\t\t\t\t<div class=\"elementor-widget-container\">\n\t\t\t\t\t<h3 class=\"elementor-heading-title elementor-size-default\">Conception et programmation<\/h3>\t\t\t\t<\/div>\n\t\t\t\t<\/div>\n\t\t\t\t<div class=\"elementor-element elementor-element-7c67e3d elementor-widget elementor-widget-text-editor\" data-id=\"7c67e3d\" data-element_type=\"widget\" data-e-type=\"widget\" data-widget_type=\"text-editor.default\">\n\t\t\t\t<div class=\"elementor-widget-container\">\n\t\t\t\t\t\t\t\t\t<p><b>Entlebucher Medienhaus AG<br><\/b>Vorm\u00fcli 2, Postfach 66<br>6170 Sch\u00fcpfheim<\/p><p><a href=\"tel:+41414858585\">041 485 85 85<\/a><br><a href=\"mailto:info@e-medienhaus.ch\">info@e-medienhaus.ch<\/a><\/p><p><a href=\"https:\/\/entlebucher-medienhaus.ch\/\" target=\"_blank\" rel=\"noopener noreferrer nofollow\">entlebucher-medienhaus.ch<\/a><\/p>\t\t\t\t\t\t\t\t<\/div>\n\t\t\t\t<\/div>\n\t\t\t\t<\/div>\n\t\t\t\t\t<\/div>\n\t\t\t\t<\/div>\n\t\t\t\t<\/div>\n\t\t","protected":false},"excerpt":{"rendered":"<p>Adresse de l'entreprise Adresse op\u00e9rationnelle : HAVO Group AGWeberstrasse 11CH-4663 Aarburg Si\u00e8ge social : HAVO Group AGSeestrasse 79CH-6052 Hergiswil T\u00e9l\u00e9phone : +41 62 787 70 10E-mail : info@havo.ch Num\u00e9ro d'entreprise : CHE-107.643.903 Personne habilit\u00e9e \u00e0 repr\u00e9senter : Conception et programmation Entlebucher Medienhaus AGVorm\u00fcli 2, Postfach 666170 Sch\u00fcpfheim 041 485 85 85info@e-medienhaus.ch entlebucher-medienhaus.ch<\/p>\n","protected":false},"author":1,"featured_media":3117,"parent":0,"menu_order":602,"comment_status":"closed","ping_status":"closed","template":"","meta":{"_acf_changed":false,"footnotes":""},"class_list":["post-3247","page","type-page","status-publish","has-post-thumbnail","hentry"],"acf":[],"yoast_head":"<!-- This site is optimized with the Yoast SEO plugin v27.3 - https:\/\/yoast.com\/product\/yoast-seo-wordpress\/ -->\n<title>Mentions l\u00e9gales &#8211; HAVO Group AG<\/title>\n<meta name=\"robots\" content=\"index, follow, max-snippet:-1, max-image-preview:large, max-video-preview:-1\" \/>\n<link rel=\"canonical\" href=\"https:\/\/havo.ch\/fr\/mentions-legales\/\" \/>\n<meta property=\"og:locale\" content=\"fr_FR\" \/>\n<meta property=\"og:type\" content=\"article\" \/>\n<meta property=\"og:title\" content=\"Mentions l\u00e9gales &#8211; HAVO Group AG\" \/>\n<meta property=\"og:description\" content=\"Adresse de l&#039;entreprise Adresse op\u00e9rationnelle : HAVO Group AGWeberstrasse 11CH-4663 Aarburg Si\u00e8ge social : HAVO Group AGSeestrasse 79CH-6052 Hergiswil T\u00e9l\u00e9phone : +41 62 787 70 10E-mail : info@havo.ch Num\u00e9ro d&#039;entreprise : CHE-107.643.903 Personne habilit\u00e9e \u00e0 repr\u00e9senter : Conception et programmation Entlebucher Medienhaus AGVorm\u00fcli 2, Postfach 666170 Sch\u00fcpfheim 041 485 85 85info@e-medienhaus.ch entlebucher-medienhaus.ch\" \/>\n<meta property=\"og:url\" content=\"https:\/\/havo.ch\/fr\/mentions-legales\/\" \/>\n<meta property=\"og:site_name\" content=\"HAVO Group AG\" \/>\n<meta property=\"article:publisher\" content=\"https:\/\/www.facebook.com\/havogroupag\" \/>\n<meta property=\"article:modified_time\" content=\"2025-11-14T14:07:53+00:00\" \/>\n<meta property=\"og:image\" content=\"https:\/\/havo.ch\/wp-content\/uploads\/2025\/10\/Provisorien-Mietgeraete-HAVO-Group.jpg\" \/>\n\t<meta property=\"og:image:width\" content=\"1200\" \/>\n\t<meta property=\"og:image:height\" content=\"800\" \/>\n\t<meta property=\"og:image:type\" content=\"image\/jpeg\" \/>\n<meta name=\"twitter:card\" content=\"summary_large_image\" \/>\n<script type=\"application\/ld+json\" class=\"yoast-schema-graph\">{\"@context\":\"https:\\\/\\\/schema.org\",\"@graph\":[{\"@type\":\"WebPage\",\"@id\":\"https:\\\/\\\/havo.ch\\\/fr\\\/mentions-legales\\\/\",\"url\":\"https:\\\/\\\/havo.ch\\\/fr\\\/mentions-legales\\\/\",\"name\":\"Mentions l\u00e9gales &#8211; HAVO Group AG\",\"isPartOf\":{\"@id\":\"https:\\\/\\\/havo.ch\\\/fr\\\/#website\"},\"primaryImageOfPage\":{\"@id\":\"https:\\\/\\\/havo.ch\\\/fr\\\/mentions-legales\\\/#primaryimage\"},\"image\":{\"@id\":\"https:\\\/\\\/havo.ch\\\/fr\\\/mentions-legales\\\/#primaryimage\"},\"thumbnailUrl\":\"https:\\\/\\\/havo.ch\\\/wp-content\\\/uploads\\\/2025\\\/10\\\/Provisorien-Mietgeraete-HAVO-Group.jpg\",\"datePublished\":\"2025-07-02T09:42:22+00:00\",\"dateModified\":\"2025-11-14T14:07:53+00:00\",\"breadcrumb\":{\"@id\":\"https:\\\/\\\/havo.ch\\\/fr\\\/mentions-legales\\\/#breadcrumb\"},\"inLanguage\":\"fr-FR\",\"potentialAction\":[{\"@type\":\"ReadAction\",\"target\":[\"https:\\\/\\\/havo.ch\\\/fr\\\/mentions-legales\\\/\"]}]},{\"@type\":\"ImageObject\",\"inLanguage\":\"fr-FR\",\"@id\":\"https:\\\/\\\/havo.ch\\\/fr\\\/mentions-legales\\\/#primaryimage\",\"url\":\"https:\\\/\\\/havo.ch\\\/wp-content\\\/uploads\\\/2025\\\/10\\\/Provisorien-Mietgeraete-HAVO-Group.jpg\",\"contentUrl\":\"https:\\\/\\\/havo.ch\\\/wp-content\\\/uploads\\\/2025\\\/10\\\/Provisorien-Mietgeraete-HAVO-Group.jpg\",\"width\":1200,\"height\":800},{\"@type\":\"BreadcrumbList\",\"@id\":\"https:\\\/\\\/havo.ch\\\/fr\\\/mentions-legales\\\/#breadcrumb\",\"itemListElement\":[{\"@type\":\"ListItem\",\"position\":1,\"name\":\"Startseite\",\"item\":\"https:\\\/\\\/havo.ch\\\/fr\\\/\"},{\"@type\":\"ListItem\",\"position\":2,\"name\":\"Mentions l\u00e9gales\"}]},{\"@type\":\"WebSite\",\"@id\":\"https:\\\/\\\/havo.ch\\\/fr\\\/#website\",\"url\":\"https:\\\/\\\/havo.ch\\\/fr\\\/\",\"name\":\"HAVO Group AG\",\"description\":\"Solutions de r\u00e9frig\u00e9ration pr\u00eates \u00e0 brancher pour l'univers de la fra\u00eecheur suisse.\",\"publisher\":{\"@id\":\"https:\\\/\\\/havo.ch\\\/fr\\\/#organization\"},\"alternateName\":\"HAVO Group AG\",\"potentialAction\":[{\"@type\":\"SearchAction\",\"target\":{\"@type\":\"EntryPoint\",\"urlTemplate\":\"https:\\\/\\\/havo.ch\\\/fr\\\/?s={search_term_string}\"},\"query-input\":{\"@type\":\"PropertyValueSpecification\",\"valueRequired\":true,\"valueName\":\"search_term_string\"}}],\"inLanguage\":\"fr-FR\"},{\"@type\":\"Organization\",\"@id\":\"https:\\\/\\\/havo.ch\\\/fr\\\/#organization\",\"name\":\"HAVO Group AG\",\"alternateName\":\"HAVO Group AG\",\"url\":\"https:\\\/\\\/havo.ch\\\/fr\\\/\",\"logo\":{\"@type\":\"ImageObject\",\"inLanguage\":\"fr-FR\",\"@id\":\"https:\\\/\\\/havo.ch\\\/fr\\\/#\\\/schema\\\/logo\\\/image\\\/\",\"url\":\"https:\\\/\\\/havo.ch\\\/wp-content\\\/uploads\\\/2025\\\/10\\\/HAVO-Group-AG-Logo-farbig.svg\",\"contentUrl\":\"https:\\\/\\\/havo.ch\\\/wp-content\\\/uploads\\\/2025\\\/10\\\/HAVO-Group-AG-Logo-farbig.svg\",\"width\":793,\"height\":122,\"caption\":\"HAVO Group AG\"},\"image\":{\"@id\":\"https:\\\/\\\/havo.ch\\\/fr\\\/#\\\/schema\\\/logo\\\/image\\\/\"},\"sameAs\":[\"https:\\\/\\\/www.facebook.com\\\/havogroupag\",\"https:\\\/\\\/www.instagram.com\\\/havogroupag\\\/\",\"https:\\\/\\\/www.linkedin.com\\\/company\\\/havo-group-ag\\\/\",\"https:\\\/\\\/www.youtube.com\\\/@havogroupag6623\",\"https:\\\/\\\/www.tiktok.com\\\/@havogroupag\"]}]}<\/script>\n<!-- \/ Yoast SEO plugin. -->","yoast_head_json":{"title":"Mentions l\u00e9gales &#8211; HAVO Group AG","robots":{"index":"index","follow":"follow","max-snippet":"max-snippet:-1","max-image-preview":"max-image-preview:large","max-video-preview":"max-video-preview:-1"},"canonical":"https:\/\/havo.ch\/fr\/mentions-legales\/","og_locale":"fr_FR","og_type":"article","og_title":"Mentions l\u00e9gales &#8211; HAVO Group AG","og_description":"Adresse de l'entreprise Adresse op\u00e9rationnelle : HAVO Group AGWeberstrasse 11CH-4663 Aarburg Si\u00e8ge social : HAVO Group AGSeestrasse 79CH-6052 Hergiswil T\u00e9l\u00e9phone : +41 62 787 70 10E-mail : info@havo.ch Num\u00e9ro d'entreprise : CHE-107.643.903 Personne habilit\u00e9e \u00e0 repr\u00e9senter : Conception et programmation Entlebucher Medienhaus AGVorm\u00fcli 2, Postfach 666170 Sch\u00fcpfheim 041 485 85 85info@e-medienhaus.ch entlebucher-medienhaus.ch","og_url":"https:\/\/havo.ch\/fr\/mentions-legales\/","og_site_name":"HAVO Group AG","article_publisher":"https:\/\/www.facebook.com\/havogroupag","article_modified_time":"2025-11-14T14:07:53+00:00","og_image":[{"width":1200,"height":800,"url":"https:\/\/havo.ch\/wp-content\/uploads\/2025\/10\/Provisorien-Mietgeraete-HAVO-Group.jpg","type":"image\/jpeg"}],"twitter_card":"summary_large_image","schema":{"@context":"https:\/\/schema.org","@graph":[{"@type":"WebPage","@id":"https:\/\/havo.ch\/fr\/mentions-legales\/","url":"https:\/\/havo.ch\/fr\/mentions-legales\/","name":"Mentions l\u00e9gales &#8211; HAVO Group AG","isPartOf":{"@id":"https:\/\/havo.ch\/fr\/#website"},"primaryImageOfPage":{"@id":"https:\/\/havo.ch\/fr\/mentions-legales\/#primaryimage"},"image":{"@id":"https:\/\/havo.ch\/fr\/mentions-legales\/#primaryimage"},"thumbnailUrl":"https:\/\/havo.ch\/wp-content\/uploads\/2025\/10\/Provisorien-Mietgeraete-HAVO-Group.jpg","datePublished":"2025-07-02T09:42:22+00:00","dateModified":"2025-11-14T14:07:53+00:00","breadcrumb":{"@id":"https:\/\/havo.ch\/fr\/mentions-legales\/#breadcrumb"},"inLanguage":"fr-FR","potentialAction":[{"@type":"ReadAction","target":["https:\/\/havo.ch\/fr\/mentions-legales\/"]}]},{"@type":"ImageObject","inLanguage":"fr-FR","@id":"https:\/\/havo.ch\/fr\/mentions-legales\/#primaryimage","url":"https:\/\/havo.ch\/wp-content\/uploads\/2025\/10\/Provisorien-Mietgeraete-HAVO-Group.jpg","contentUrl":"https:\/\/havo.ch\/wp-content\/uploads\/2025\/10\/Provisorien-Mietgeraete-HAVO-Group.jpg","width":1200,"height":800},{"@type":"BreadcrumbList","@id":"https:\/\/havo.ch\/fr\/mentions-legales\/#breadcrumb","itemListElement":[{"@type":"ListItem","position":1,"name":"Startseite","item":"https:\/\/havo.ch\/fr\/"},{"@type":"ListItem","position":2,"name":"Mentions l\u00e9gales"}]},{"@type":"WebSite","@id":"https:\/\/havo.ch\/fr\/#website","url":"https:\/\/havo.ch\/fr\/","name":"HAVO Group AG","description":"Solutions de r\u00e9frig\u00e9ration pr\u00eates \u00e0 brancher pour l'univers de la fra\u00eecheur suisse.","publisher":{"@id":"https:\/\/havo.ch\/fr\/#organization"},"alternateName":"HAVO Group AG","potentialAction":[{"@type":"SearchAction","target":{"@type":"EntryPoint","urlTemplate":"https:\/\/havo.ch\/fr\/?s={search_term_string}"},"query-input":{"@type":"PropertyValueSpecification","valueRequired":true,"valueName":"search_term_string"}}],"inLanguage":"fr-FR"},{"@type":"Organization","@id":"https:\/\/havo.ch\/fr\/#organization","name":"HAVO Group AG","alternateName":"HAVO Group AG","url":"https:\/\/havo.ch\/fr\/","logo":{"@type":"ImageObject","inLanguage":"fr-FR","@id":"https:\/\/havo.ch\/fr\/#\/schema\/logo\/image\/","url":"https:\/\/havo.ch\/wp-content\/uploads\/2025\/10\/HAVO-Group-AG-Logo-farbig.svg","contentUrl":"https:\/\/havo.ch\/wp-content\/uploads\/2025\/10\/HAVO-Group-AG-Logo-farbig.svg","width":793,"height":122,"caption":"HAVO Group AG"},"image":{"@id":"https:\/\/havo.ch\/fr\/#\/schema\/logo\/image\/"},"sameAs":["https:\/\/www.facebook.com\/havogroupag","https:\/\/www.instagram.com\/havogroupag\/","https:\/\/www.linkedin.com\/company\/havo-group-ag\/","https:\/\/www.youtube.com\/@havogroupag6623","https:\/\/www.tiktok.com\/@havogroupag"]}]}},"publishpress_future_action":{"enabled":false,"date":"2026-05-08 01:18:34","action":"change-status","newStatus":"draft","terms":[],"taxonomy":"translation_priority","extraData":[]},"publishpress_future_workflow_manual_trigger":{"enabledWorkflows":[]},"_links":{"self":[{"href":"https:\/\/havo.ch\/fr\/wp-json\/wp\/v2\/pages\/3247","targetHints":{"allow":["GET"]}}],"collection":[{"href":"https:\/\/havo.ch\/fr\/wp-json\/wp\/v2\/pages"}],"about":[{"href":"https:\/\/havo.ch\/fr\/wp-json\/wp\/v2\/types\/page"}],"author":[{"embeddable":true,"href":"https:\/\/havo.ch\/fr\/wp-json\/wp\/v2\/users\/1"}],"replies":[{"embeddable":true,"href":"https:\/\/havo.ch\/fr\/wp-json\/wp\/v2\/comments?post=3247"}],"version-history":[{"count":3,"href":"https:\/\/havo.ch\/fr\/wp-json\/wp\/v2\/pages\/3247\/revisions"}],"predecessor-version":[{"id":4016,"href":"https:\/\/havo.ch\/fr\/wp-json\/wp\/v2\/pages\/3247\/revisions\/4016"}],"wp:featuredmedia":[{"embeddable":true,"href":"https:\/\/havo.ch\/fr\/wp-json\/wp\/v2\/media\/3117"}],"wp:attachment":[{"href":"https:\/\/havo.ch\/fr\/wp-json\/wp\/v2\/media?parent=3247"}],"curies":[{"name":"wp","href":"https:\/\/api.w.org\/{rel}","templated":true}]}}